{"id":1049,"date":"2021-02-08T16:52:35","date_gmt":"2021-02-08T16:52:35","guid":{"rendered":"https:\/\/www.4knoepfchen.at\/?page_id=1049"},"modified":"2023-12-28T12:11:07","modified_gmt":"2023-12-28T12:11:07","slug":"stoffwindeln","status":"publish","type":"page","link":"https:\/\/www.4knoepfchen.at\/?page_id=1049","title":{"rendered":"KUSCHELWINDEL"},"content":{"rendered":"\n<p>eignen sich sehr gut als kleines, pers\u00f6nliches  Geschenk f\u00fcr frischgeschl\u00fcpfte Erdenb\u00fcrger;) <\/p>\n\n\n\n<p>aus 100% Baumwolle,gots oder \u00f6kotex ca 70x70cm , mit Motivbestickung \u20ac20.- (Preis ohne Personalisierung) <\/p>\n\n\n\n<figure class=\"wp-block-gallery has-nested-images columns-default is-cropped wp-block-gallery-1 is-layout-flex wp-block-gallery-is-layout-flex\">\n<figure class=\"wp-block-image size-large\"><img loading=\"lazy\" decoding=\"async\" width=\"768\" height=\"1024\" data-id=\"2129\" src=\"https:\/\/www.4knoepfchen.at\/wp-content\/uploads\/2023\/01\/IMG_7063-768x1024.jpeg\" alt=\"\" class=\"wp-image-2129\" srcset=\"https:\/\/www.4knoepfchen.at\/wp-content\/uploads\/2023\/01\/IMG_7063-768x1024.jpeg 768w, https:\/\/www.4knoepfchen.at\/wp-content\/uploads\/2023\/01\/IMG_7063-225x300.jpeg 225w, https:\/\/www.4knoepfchen.at\/wp-content\/uploads\/2023\/01\/IMG_7063-1152x1536.jpeg 1152w, https:\/\/www.4knoepfchen.at\/wp-content\/uploads\/2023\/01\/IMG_7063-1536x2048.jpeg 1536w, https:\/\/www.4knoepfchen.at\/wp-content\/uploads\/2023\/01\/IMG_7063-scaled.jpeg 1920w\" sizes=\"auto, (max-width: 706px) 89vw, (max-width: 767px) 82vw, 740px\" \/><\/figure>\n\n\n\n<figure class=\"wp-block-image size-large\"><img loading=\"lazy\" decoding=\"async\" width=\"1024\" height=\"768\" data-id=\"676\" src=\"https:\/\/www.4knoepfchen.at\/wp-content\/uploads\/2020\/05\/IMG_82421-scaled-e1588793544946-1024x768.jpg\" alt=\"\" class=\"wp-image-676\" srcset=\"https:\/\/www.4knoepfchen.at\/wp-content\/uploads\/2020\/05\/IMG_82421-scaled-e1588793544946-1024x768.jpg 1024w, https:\/\/www.4knoepfchen.at\/wp-content\/uploads\/2020\/05\/IMG_82421-scaled-e1588793544946-300x225.jpg 300w, https:\/\/www.4knoepfchen.at\/wp-content\/uploads\/2020\/05\/IMG_82421-scaled-e1588793544946-768x576.jpg 768w, https:\/\/www.4knoepfchen.at\/wp-content\/uploads\/2020\/05\/IMG_82421-scaled-e1588793544946-1536x1152.jpg 1536w, https:\/\/www.4knoepfchen.at\/wp-content\/uploads\/2020\/05\/IMG_82421-scaled-e1588793544946-2048x1536.jpg 2048w\" sizes=\"auto, (max-width: 706px) 89vw, (max-width: 767px) 82vw, 740px\" \/><figcaption class=\"wp-element-caption\">auch gerne passend zur Babydecke;-)<\/figcaption><\/figure>\n\n\n\n<figure class=\"wp-block-image size-large\"><img loading=\"lazy\" decoding=\"async\" width=\"768\" height=\"1024\" data-id=\"3103\" src=\"https:\/\/www.4knoepfchen.at\/wp-content\/uploads\/2023\/12\/IMG_5557-768x1024.jpeg\" alt=\"\" class=\"wp-image-3103\" srcset=\"https:\/\/www.4knoepfchen.at\/wp-content\/uploads\/2023\/12\/IMG_5557-768x1024.jpeg 768w, https:\/\/www.4knoepfchen.at\/wp-content\/uploads\/2023\/12\/IMG_5557-225x300.jpeg 225w, https:\/\/www.4knoepfchen.at\/wp-content\/uploads\/2023\/12\/IMG_5557-1152x1536.jpeg 1152w, https:\/\/www.4knoepfchen.at\/wp-content\/uploads\/2023\/12\/IMG_5557-1536x2048.jpeg 1536w, https:\/\/www.4knoepfchen.at\/wp-content\/uploads\/2023\/12\/IMG_5557-scaled.jpeg 1920w\" sizes=\"auto, (max-width: 706px) 89vw, (max-width: 767px) 82vw, 740px\" \/><\/figure>\n\n\n\n<figure class=\"wp-block-image size-large\"><img loading=\"lazy\" decoding=\"async\" width=\"768\" height=\"1024\" data-id=\"3102\" src=\"https:\/\/www.4knoepfchen.at\/wp-content\/uploads\/2023\/12\/IMG_5484-768x1024.jpeg\" alt=\"\" class=\"wp-image-3102\" srcset=\"https:\/\/www.4knoepfchen.at\/wp-content\/uploads\/2023\/12\/IMG_5484-768x1024.jpeg 768w, https:\/\/www.4knoepfchen.at\/wp-content\/uploads\/2023\/12\/IMG_5484-225x300.jpeg 225w, https:\/\/www.4knoepfchen.at\/wp-content\/uploads\/2023\/12\/IMG_5484-1152x1536.jpeg 1152w, https:\/\/www.4knoepfchen.at\/wp-content\/uploads\/2023\/12\/IMG_5484-1536x2048.jpeg 1536w, https:\/\/www.4knoepfchen.at\/wp-content\/uploads\/2023\/12\/IMG_5484-scaled.jpeg 1920w\" sizes=\"auto, (max-width: 706px) 89vw, (max-width: 767px) 82vw, 740px\" \/><\/figure>\n\n\n\n<figure class=\"wp-block-image size-large\"><img loading=\"lazy\" decoding=\"async\" width=\"768\" height=\"1024\" data-id=\"3101\" src=\"https:\/\/www.4knoepfchen.at\/wp-content\/uploads\/2023\/12\/IMG_5455-768x1024.jpeg\" alt=\"\" class=\"wp-image-3101\" srcset=\"https:\/\/www.4knoepfchen.at\/wp-content\/uploads\/2023\/12\/IMG_5455-768x1024.jpeg 768w, https:\/\/www.4knoepfchen.at\/wp-content\/uploads\/2023\/12\/IMG_5455-225x300.jpeg 225w, https:\/\/www.4knoepfchen.at\/wp-content\/uploads\/2023\/12\/IMG_5455-1152x1536.jpeg 1152w, https:\/\/www.4knoepfchen.at\/wp-content\/uploads\/2023\/12\/IMG_5455-1536x2048.jpeg 1536w, https:\/\/www.4knoepfchen.at\/wp-content\/uploads\/2023\/12\/IMG_5455-scaled.jpeg 1920w\" sizes=\"auto, (max-width: 706px) 89vw, (max-width: 767px) 82vw, 740px\" \/><\/figure>\n\n\n\n<figure class=\"wp-block-image size-large\"><img loading=\"lazy\" decoding=\"async\" width=\"1920\" height=\"2560\" data-id=\"1921\" src=\"https:\/\/www.4knoepfchen.at\/wp-content\/uploads\/2022\/04\/IMG_1958-scaled.jpeg\" alt=\"\" class=\"wp-image-1921\" srcset=\"https:\/\/www.4knoepfchen.at\/wp-content\/uploads\/2022\/04\/IMG_1958-scaled.jpeg 1920w, https:\/\/www.4knoepfchen.at\/wp-content\/uploads\/2022\/04\/IMG_1958-225x300.jpeg 225w, https:\/\/www.4knoepfchen.at\/wp-content\/uploads\/2022\/04\/IMG_1958-768x1024.jpeg 768w, https:\/\/www.4knoepfchen.at\/wp-content\/uploads\/2022\/04\/IMG_1958-1152x1536.jpeg 1152w, https:\/\/www.4knoepfchen.at\/wp-content\/uploads\/2022\/04\/IMG_1958-1536x2048.jpeg 1536w\" sizes=\"auto, (max-width: 706px) 89vw, (max-width: 767px) 82vw, 740px\" \/><\/figure>\n\n\n\n<figure class=\"wp-block-image size-large\"><img loading=\"lazy\" decoding=\"async\" width=\"768\" height=\"1024\" data-id=\"3100\" src=\"https:\/\/www.4knoepfchen.at\/wp-content\/uploads\/2023\/12\/IMG_5456-768x1024.jpeg\" alt=\"\" class=\"wp-image-3100\" srcset=\"https:\/\/www.4knoepfchen.at\/wp-content\/uploads\/2023\/12\/IMG_5456-768x1024.jpeg 768w, https:\/\/www.4knoepfchen.at\/wp-content\/uploads\/2023\/12\/IMG_5456-225x300.jpeg 225w, https:\/\/www.4knoepfchen.at\/wp-content\/uploads\/2023\/12\/IMG_5456-1152x1536.jpeg 1152w, https:\/\/www.4knoepfchen.at\/wp-content\/uploads\/2023\/12\/IMG_5456-1536x2048.jpeg 1536w, https:\/\/www.4knoepfchen.at\/wp-content\/uploads\/2023\/12\/IMG_5456-scaled.jpeg 1920w\" sizes=\"auto, (max-width: 706px) 89vw, (max-width: 767px) 82vw, 740px\" \/><\/figure>\n\n\n\n<figure class=\"wp-block-image size-large\"><img loading=\"lazy\" decoding=\"async\" width=\"1024\" height=\"768\" data-id=\"681\" src=\"https:\/\/www.4knoepfchen.at\/wp-content\/uploads\/2020\/05\/IMG_75071-1024x768.jpg\" alt=\"\" class=\"wp-image-681\" srcset=\"https:\/\/www.4knoepfchen.at\/wp-content\/uploads\/2020\/05\/IMG_75071-1024x768.jpg 1024w, https:\/\/www.4knoepfchen.at\/wp-content\/uploads\/2020\/05\/IMG_75071-300x225.jpg 300w, https:\/\/www.4knoepfchen.at\/wp-content\/uploads\/2020\/05\/IMG_75071-768x576.jpg 768w, https:\/\/www.4knoepfchen.at\/wp-content\/uploads\/2020\/05\/IMG_75071-1536x1152.jpg 1536w, https:\/\/www.4knoepfchen.at\/wp-content\/uploads\/2020\/05\/IMG_75071-2048x1536.jpg 2048w\" sizes=\"auto, (max-width: 706px) 89vw, (max-width: 767px) 82vw, 740px\" \/><\/figure>\n\n\n\n<figure class=\"wp-block-image size-large\"><img loading=\"lazy\" decoding=\"async\" width=\"768\" height=\"1024\" data-id=\"2145\" src=\"https:\/\/www.4knoepfchen.at\/wp-content\/uploads\/2023\/01\/IMG_7338-768x1024.jpeg\" alt=\"\" class=\"wp-image-2145\" srcset=\"https:\/\/www.4knoepfchen.at\/wp-content\/uploads\/2023\/01\/IMG_7338-768x1024.jpeg 768w, https:\/\/www.4knoepfchen.at\/wp-content\/uploads\/2023\/01\/IMG_7338-225x300.jpeg 225w, https:\/\/www.4knoepfchen.at\/wp-content\/uploads\/2023\/01\/IMG_7338-1152x1536.jpeg 1152w, https:\/\/www.4knoepfchen.at\/wp-content\/uploads\/2023\/01\/IMG_7338-1536x2048.jpeg 1536w, https:\/\/www.4knoepfchen.at\/wp-content\/uploads\/2023\/01\/IMG_7338-scaled.jpeg 1920w\" sizes=\"auto, (max-width: 706px) 89vw, (max-width: 767px) 82vw, 740px\" \/><\/figure>\n\n\n\n<figure class=\"wp-block-image size-large\"><img loading=\"lazy\" decoding=\"async\" width=\"2560\" height=\"1920\" data-id=\"1923\" src=\"https:\/\/www.4knoepfchen.at\/wp-content\/uploads\/2022\/04\/IMG_5032-scaled.jpeg\" alt=\"\" class=\"wp-image-1923\" srcset=\"https:\/\/www.4knoepfchen.at\/wp-content\/uploads\/2022\/04\/IMG_5032-scaled.jpeg 2560w, https:\/\/www.4knoepfchen.at\/wp-content\/uploads\/2022\/04\/IMG_5032-300x225.jpeg 300w, https:\/\/www.4knoepfchen.at\/wp-content\/uploads\/2022\/04\/IMG_5032-1024x768.jpeg 1024w, https:\/\/www.4knoepfchen.at\/wp-content\/uploads\/2022\/04\/IMG_5032-768x576.jpeg 768w, https:\/\/www.4knoepfchen.at\/wp-content\/uploads\/2022\/04\/IMG_5032-1536x1152.jpeg 1536w, https:\/\/www.4knoepfchen.at\/wp-content\/uploads\/2022\/04\/IMG_5032-2048x1536.jpeg 2048w\" sizes=\"auto, (max-width: 706px) 89vw, (max-width: 767px) 82vw, 740px\" \/><\/figure>\n\n\n\n<figure class=\"wp-block-image size-large\"><img loading=\"lazy\" decoding=\"async\" width=\"2008\" height=\"2560\" data-id=\"1924\" src=\"https:\/\/www.4knoepfchen.at\/wp-content\/uploads\/2022\/04\/IMG_0462-scaled.jpeg\" alt=\"\" class=\"wp-image-1924\" srcset=\"https:\/\/www.4knoepfchen.at\/wp-content\/uploads\/2022\/04\/IMG_0462-scaled.jpeg 2008w, https:\/\/www.4knoepfchen.at\/wp-content\/uploads\/2022\/04\/IMG_0462-235x300.jpeg 235w, https:\/\/www.4knoepfchen.at\/wp-content\/uploads\/2022\/04\/IMG_0462-803x1024.jpeg 803w, https:\/\/www.4knoepfchen.at\/wp-content\/uploads\/2022\/04\/IMG_0462-768x979.jpeg 768w, https:\/\/www.4knoepfchen.at\/wp-content\/uploads\/2022\/04\/IMG_0462-1205x1536.jpeg 1205w, https:\/\/www.4knoepfchen.at\/wp-content\/uploads\/2022\/04\/IMG_0462-1606x2048.jpeg 1606w\" sizes=\"auto, (max-width: 706px) 89vw, (max-width: 767px) 82vw, 740px\" \/><\/figure>\n\n\n\n<figure class=\"wp-block-image size-large\"><img loading=\"lazy\" decoding=\"async\" width=\"768\" height=\"1024\" data-id=\"2253\" src=\"https:\/\/www.4knoepfchen.at\/wp-content\/uploads\/2023\/04\/IMG_3428-768x1024.jpeg\" alt=\"\" class=\"wp-image-2253\" srcset=\"https:\/\/www.4knoepfchen.at\/wp-content\/uploads\/2023\/04\/IMG_3428-768x1024.jpeg 768w, https:\/\/www.4knoepfchen.at\/wp-content\/uploads\/2023\/04\/IMG_3428-225x300.jpeg 225w, https:\/\/www.4knoepfchen.at\/wp-content\/uploads\/2023\/04\/IMG_3428-1152x1536.jpeg 1152w, https:\/\/www.4knoepfchen.at\/wp-content\/uploads\/2023\/04\/IMG_3428-1536x2048.jpeg 1536w, https:\/\/www.4knoepfchen.at\/wp-content\/uploads\/2023\/04\/IMG_3428-scaled.jpeg 1920w\" sizes=\"auto, (max-width: 706px) 89vw, (max-width: 767px) 82vw, 740px\" \/><\/figure>\n\n\n\n<figure class=\"wp-block-image size-large\"><img loading=\"lazy\" decoding=\"async\" width=\"768\" height=\"1024\" data-id=\"2254\" src=\"https:\/\/www.4knoepfchen.at\/wp-content\/uploads\/2023\/04\/IMG_8493-768x1024.jpeg\" alt=\"\" class=\"wp-image-2254\" srcset=\"https:\/\/www.4knoepfchen.at\/wp-content\/uploads\/2023\/04\/IMG_8493-768x1024.jpeg 768w, https:\/\/www.4knoepfchen.at\/wp-content\/uploads\/2023\/04\/IMG_8493-225x300.jpeg 225w, https:\/\/www.4knoepfchen.at\/wp-content\/uploads\/2023\/04\/IMG_8493-1152x1536.jpeg 1152w, https:\/\/www.4knoepfchen.at\/wp-content\/uploads\/2023\/04\/IMG_8493-1536x2048.jpeg 1536w, https:\/\/www.4knoepfchen.at\/wp-content\/uploads\/2023\/04\/IMG_8493-scaled.jpeg 1920w\" sizes=\"auto, (max-width: 706px) 89vw, (max-width: 767px) 82vw, 740px\" \/><\/figure>\n\n\n\n<figure class=\"wp-block-image size-large\"><img loading=\"lazy\" decoding=\"async\" width=\"768\" height=\"1024\" data-id=\"2250\" src=\"https:\/\/www.4knoepfchen.at\/wp-content\/uploads\/2023\/04\/IMG_9165-768x1024.jpeg\" alt=\"\" class=\"wp-image-2250\" srcset=\"https:\/\/www.4knoepfchen.at\/wp-content\/uploads\/2023\/04\/IMG_9165-768x1024.jpeg 768w, https:\/\/www.4knoepfchen.at\/wp-content\/uploads\/2023\/04\/IMG_9165-225x300.jpeg 225w, https:\/\/www.4knoepfchen.at\/wp-content\/uploads\/2023\/04\/IMG_9165-1152x1536.jpeg 1152w, https:\/\/www.4knoepfchen.at\/wp-content\/uploads\/2023\/04\/IMG_9165-1536x2048.jpeg 1536w, https:\/\/www.4knoepfchen.at\/wp-content\/uploads\/2023\/04\/IMG_9165-scaled.jpeg 1920w\" sizes=\"auto, (max-width: 706px) 89vw, (max-width: 767px) 82vw, 740px\" \/><\/figure>\n\n\n\n<figure class=\"wp-block-image size-large\"><img loading=\"lazy\" decoding=\"async\" width=\"768\" height=\"1024\" data-id=\"2252\" src=\"https:\/\/www.4knoepfchen.at\/wp-content\/uploads\/2023\/04\/IMG_9499-768x1024.jpeg\" alt=\"\" class=\"wp-image-2252\" srcset=\"https:\/\/www.4knoepfchen.at\/wp-content\/uploads\/2023\/04\/IMG_9499-768x1024.jpeg 768w, https:\/\/www.4knoepfchen.at\/wp-content\/uploads\/2023\/04\/IMG_9499-225x300.jpeg 225w, https:\/\/www.4knoepfchen.at\/wp-content\/uploads\/2023\/04\/IMG_9499-1152x1536.jpeg 1152w, https:\/\/www.4knoepfchen.at\/wp-content\/uploads\/2023\/04\/IMG_9499-1536x2048.jpeg 1536w, https:\/\/www.4knoepfchen.at\/wp-content\/uploads\/2023\/04\/IMG_9499-scaled.jpeg 1920w\" sizes=\"auto, (max-width: 706px) 89vw, (max-width: 767px) 82vw, 740px\" \/><\/figure>\n\n\n\n<figure class=\"wp-block-image size-large\"><img loading=\"lazy\" decoding=\"async\" width=\"1920\" height=\"2560\" data-id=\"1925\" src=\"https:\/\/www.4knoepfchen.at\/wp-content\/uploads\/2022\/04\/IMG_6497-scaled.jpeg\" alt=\"\" class=\"wp-image-1925\" srcset=\"https:\/\/www.4knoepfchen.at\/wp-content\/uploads\/2022\/04\/IMG_6497-scaled.jpeg 1920w, https:\/\/www.4knoepfchen.at\/wp-content\/uploads\/2022\/04\/IMG_6497-225x300.jpeg 225w, https:\/\/www.4knoepfchen.at\/wp-content\/uploads\/2022\/04\/IMG_6497-768x1024.jpeg 768w, https:\/\/www.4knoepfchen.at\/wp-content\/uploads\/2022\/04\/IMG_6497-1152x1536.jpeg 1152w, https:\/\/www.4knoepfchen.at\/wp-content\/uploads\/2022\/04\/IMG_6497-1536x2048.jpeg 1536w\" sizes=\"auto, (max-width: 706px) 89vw, (max-width: 767px) 82vw, 740px\" \/><\/figure>\n\n\n\n<figure class=\"wp-block-image size-large\"><img loading=\"lazy\" decoding=\"async\" width=\"1024\" height=\"768\" data-id=\"2255\" src=\"https:\/\/www.4knoepfchen.at\/wp-content\/uploads\/2023\/04\/IMG_4713-1024x768.jpeg\" alt=\"\" class=\"wp-image-2255\" srcset=\"https:\/\/www.4knoepfchen.at\/wp-content\/uploads\/2023\/04\/IMG_4713-1024x768.jpeg 1024w, https:\/\/www.4knoepfchen.at\/wp-content\/uploads\/2023\/04\/IMG_4713-300x225.jpeg 300w, https:\/\/www.4knoepfchen.at\/wp-content\/uploads\/2023\/04\/IMG_4713-768x576.jpeg 768w, https:\/\/www.4knoepfchen.at\/wp-content\/uploads\/2023\/04\/IMG_4713-1536x1152.jpeg 1536w, https:\/\/www.4knoepfchen.at\/wp-content\/uploads\/2023\/04\/IMG_4713-2048x1536.jpeg 2048w\" sizes=\"auto, (max-width: 706px) 89vw, (max-width: 767px) 82vw, 740px\" \/><\/figure>\n\n\n\n<figure class=\"wp-block-image size-large\"><img loading=\"lazy\" decoding=\"async\" width=\"795\" height=\"1024\" data-id=\"2146\" src=\"https:\/\/www.4knoepfchen.at\/wp-content\/uploads\/2023\/01\/IMG_7429-795x1024.jpeg\" alt=\"\" class=\"wp-image-2146\" srcset=\"https:\/\/www.4knoepfchen.at\/wp-content\/uploads\/2023\/01\/IMG_7429-795x1024.jpeg 795w, https:\/\/www.4knoepfchen.at\/wp-content\/uploads\/2023\/01\/IMG_7429-233x300.jpeg 233w, https:\/\/www.4knoepfchen.at\/wp-content\/uploads\/2023\/01\/IMG_7429-768x989.jpeg 768w, https:\/\/www.4knoepfchen.at\/wp-content\/uploads\/2023\/01\/IMG_7429-1193x1536.jpeg 1193w, https:\/\/www.4knoepfchen.at\/wp-content\/uploads\/2023\/01\/IMG_7429-1591x2048.jpeg 1591w, https:\/\/www.4knoepfchen.at\/wp-content\/uploads\/2023\/01\/IMG_7429-scaled.jpeg 1989w\" sizes=\"auto, (max-width: 706px) 89vw, (max-width: 767px) 82vw, 740px\" \/><\/figure>\n\n\n\n<figure class=\"wp-block-image size-large\"><img loading=\"lazy\" decoding=\"async\" width=\"768\" height=\"1024\" data-id=\"2147\" src=\"https:\/\/www.4knoepfchen.at\/wp-content\/uploads\/2023\/01\/IMG_7878-768x1024.jpeg\" alt=\"\" class=\"wp-image-2147\" srcset=\"https:\/\/www.4knoepfchen.at\/wp-content\/uploads\/2023\/01\/IMG_7878-768x1024.jpeg 768w, https:\/\/www.4knoepfchen.at\/wp-content\/uploads\/2023\/01\/IMG_7878-225x300.jpeg 225w, https:\/\/www.4knoepfchen.at\/wp-content\/uploads\/2023\/01\/IMG_7878-1152x1536.jpeg 1152w, https:\/\/www.4knoepfchen.at\/wp-content\/uploads\/2023\/01\/IMG_7878-1536x2048.jpeg 1536w, https:\/\/www.4knoepfchen.at\/wp-content\/uploads\/2023\/01\/IMG_7878-scaled.jpeg 1920w\" sizes=\"auto, (max-width: 706px) 89vw, (max-width: 767px) 82vw, 740px\" \/><\/figure>\n\n\n\n<figure class=\"wp-block-image size-large\"><img loading=\"lazy\" decoding=\"async\" width=\"1024\" height=\"702\" data-id=\"2128\" src=\"https:\/\/www.4knoepfchen.at\/wp-content\/uploads\/2023\/01\/IMG_6460-1024x702.jpeg\" alt=\"\" class=\"wp-image-2128\" srcset=\"https:\/\/www.4knoepfchen.at\/wp-content\/uploads\/2023\/01\/IMG_6460-1024x702.jpeg 1024w, https:\/\/www.4knoepfchen.at\/wp-content\/uploads\/2023\/01\/IMG_6460-300x206.jpeg 300w, https:\/\/www.4knoepfchen.at\/wp-content\/uploads\/2023\/01\/IMG_6460-768x526.jpeg 768w, https:\/\/www.4knoepfchen.at\/wp-content\/uploads\/2023\/01\/IMG_6460-1536x1053.jpeg 1536w, https:\/\/www.4knoepfchen.at\/wp-content\/uploads\/2023\/01\/IMG_6460-2048x1404.jpeg 2048w\" sizes=\"auto, (max-width: 706px) 89vw, (max-width: 767px) 82vw, 740px\" \/><\/figure>\n\n\n\n<figure class=\"wp-block-image size-large\"><img loading=\"lazy\" decoding=\"async\" width=\"768\" height=\"1024\" data-id=\"2256\" src=\"https:\/\/www.4knoepfchen.at\/wp-content\/uploads\/2023\/04\/IMG_1200-768x1024.jpeg\" alt=\"\" class=\"wp-image-2256\" srcset=\"https:\/\/www.4knoepfchen.at\/wp-content\/uploads\/2023\/04\/IMG_1200-768x1024.jpeg 768w, https:\/\/www.4knoepfchen.at\/wp-content\/uploads\/2023\/04\/IMG_1200-225x300.jpeg 225w, https:\/\/www.4knoepfchen.at\/wp-content\/uploads\/2023\/04\/IMG_1200-1152x1536.jpeg 1152w, https:\/\/www.4knoepfchen.at\/wp-content\/uploads\/2023\/04\/IMG_1200-1536x2048.jpeg 1536w, https:\/\/www.4knoepfchen.at\/wp-content\/uploads\/2023\/04\/IMG_1200-scaled.jpeg 1920w\" sizes=\"auto, (max-width: 706px) 89vw, (max-width: 767px) 82vw, 740px\" \/><\/figure>\n\n\n\n<figure class=\"wp-block-image size-large\"><img loading=\"lazy\" decoding=\"async\" width=\"768\" height=\"1024\" data-id=\"1352\" src=\"https:\/\/www.4knoepfchen.at\/wp-content\/uploads\/2021\/06\/IMG_4445-768x1024.jpeg\" alt=\"\" class=\"wp-image-1352\" srcset=\"https:\/\/www.4knoepfchen.at\/wp-content\/uploads\/2021\/06\/IMG_4445-768x1024.jpeg 768w, https:\/\/www.4knoepfchen.at\/wp-content\/uploads\/2021\/06\/IMG_4445-225x300.jpeg 225w, https:\/\/www.4knoepfchen.at\/wp-content\/uploads\/2021\/06\/IMG_4445-1152x1536.jpeg 1152w, https:\/\/www.4knoepfchen.at\/wp-content\/uploads\/2021\/06\/IMG_4445-1536x2048.jpeg 1536w, https:\/\/www.4knoepfchen.at\/wp-content\/uploads\/2021\/06\/IMG_4445-scaled.jpeg 1920w\" sizes=\"auto, (max-width: 706px) 89vw, (max-width: 767px) 82vw, 740px\" \/><\/figure>\n<\/figure>\n\n\n\n<p class=\"has-medium-font-size\">SCHNULLERTUCHHASE<\/p>\n\n\n\n<p>die etwas andere Kuschelwindel, aus 100% Baumwolle, gots oder \u00f6kotex, ca 25x25cm, mit Schnullerhalterung \u20ac25.-<\/p>\n\n\n\n<figure class=\"wp-block-gallery has-nested-images columns-default is-cropped wp-block-gallery-2 is-layout-flex wp-block-gallery-is-layout-flex\">\n<figure class=\"wp-block-image size-large\"><img loading=\"lazy\" decoding=\"async\" width=\"768\" height=\"1024\" data-id=\"1940\" src=\"https:\/\/www.4knoepfchen.at\/wp-content\/uploads\/2022\/04\/IMG_0983-768x1024.jpeg\" alt=\"\" class=\"wp-image-1940\" srcset=\"https:\/\/www.4knoepfchen.at\/wp-content\/uploads\/2022\/04\/IMG_0983-768x1024.jpeg 768w, https:\/\/www.4knoepfchen.at\/wp-content\/uploads\/2022\/04\/IMG_0983-225x300.jpeg 225w, https:\/\/www.4knoepfchen.at\/wp-content\/uploads\/2022\/04\/IMG_0983-1152x1536.jpeg 1152w, https:\/\/www.4knoepfchen.at\/wp-content\/uploads\/2022\/04\/IMG_0983-1536x2048.jpeg 1536w, https:\/\/www.4knoepfchen.at\/wp-content\/uploads\/2022\/04\/IMG_0983-scaled.jpeg 1920w\" sizes=\"auto, (max-width: 706px) 89vw, (max-width: 767px) 82vw, 740px\" \/><\/figure>\n\n\n\n<figure class=\"wp-block-image size-large\"><img loading=\"lazy\" decoding=\"async\" width=\"768\" height=\"1024\" data-id=\"1939\" src=\"https:\/\/www.4knoepfchen.at\/wp-content\/uploads\/2022\/04\/IMG_0981-1-768x1024.jpeg\" alt=\"\" class=\"wp-image-1939\" srcset=\"https:\/\/www.4knoepfchen.at\/wp-content\/uploads\/2022\/04\/IMG_0981-1-768x1024.jpeg 768w, https:\/\/www.4knoepfchen.at\/wp-content\/uploads\/2022\/04\/IMG_0981-1-225x300.jpeg 225w, https:\/\/www.4knoepfchen.at\/wp-content\/uploads\/2022\/04\/IMG_0981-1-1152x1536.jpeg 1152w, https:\/\/www.4knoepfchen.at\/wp-content\/uploads\/2022\/04\/IMG_0981-1-1536x2048.jpeg 1536w, https:\/\/www.4knoepfchen.at\/wp-content\/uploads\/2022\/04\/IMG_0981-1-scaled.jpeg 1920w\" sizes=\"auto, (max-width: 706px) 89vw, (max-width: 767px) 82vw, 740px\" \/><\/figure>\n<\/figure>\n","protected":false},"excerpt":{"rendered":"<p>eignen sich sehr gut als kleines, pers\u00f6nliches Geschenk f\u00fcr frischgeschl\u00fcpfte Erdenb\u00fcrger;) aus 100% Baumwolle,gots oder \u00f6kotex ca 70x70cm , mit Motivbestickung \u20ac20.- (Preis ohne Personalisierung) SCHNULLERTUCHHASE die etwas andere Kuschelwindel, aus 100% Baumwolle, gots oder \u00f6kotex, ca 25x25cm, mit Schnullerhalterung \u20ac25.-<\/p>\n","protected":false},"author":1,"featured_media":0,"parent":415,"menu_order":3,"comment_status":"closed","ping_status":"closed","template":"","meta":{"footnotes":""},"class_list":["post-1049","page","type-page","status-publish","hentry"],"_links":{"self":[{"href":"https:\/\/www.4knoepfchen.at\/index.php?rest_route=\/wp\/v2\/pages\/1049","targetHints":{"allow":["GET"]}}],"collection":[{"href":"https:\/\/www.4knoepfchen.at\/index.php?rest_route=\/wp\/v2\/pages"}],"about":[{"href":"https:\/\/www.4knoepfchen.at\/index.php?rest_route=\/wp\/v2\/types\/page"}],"author":[{"embeddable":true,"href":"https:\/\/www.4knoepfchen.at\/index.php?rest_route=\/wp\/v2\/users\/1"}],"replies":[{"embeddable":true,"href":"https:\/\/www.4knoepfchen.at\/index.php?rest_route=%2Fwp%2Fv2%2Fcomments&post=1049"}],"version-history":[{"count":20,"href":"https:\/\/www.4knoepfchen.at\/index.php?rest_route=\/wp\/v2\/pages\/1049\/revisions"}],"predecessor-version":[{"id":3106,"href":"https:\/\/www.4knoepfchen.at\/index.php?rest_route=\/wp\/v2\/pages\/1049\/revisions\/3106"}],"up":[{"embeddable":true,"href":"https:\/\/www.4knoepfchen.at\/index.php?rest_route=\/wp\/v2\/pages\/415"}],"wp:attachment":[{"href":"https:\/\/www.4knoepfchen.at\/index.php?rest_route=%2Fwp%2Fv2%2Fmedia&parent=1049"}],"curies":[{"name":"wp","href":"https:\/\/api.w.org\/{rel}","templated":true}]}}