{"id":2436,"date":"2023-04-14T21:33:27","date_gmt":"2023-04-14T21:33:27","guid":{"rendered":"https:\/\/www.4knoepfchen.at\/?page_id=2436"},"modified":"2023-12-28T16:41:41","modified_gmt":"2023-12-28T16:41:41","slug":"schlampermaeppchen-lunchbags","status":"publish","type":"page","link":"https:\/\/www.4knoepfchen.at\/?page_id=2436","title":{"rendered":"SCHLAMPERM\u00c4PPCHEN &#038; LUNCHBAGS"},"content":{"rendered":"\n<p><\/p>\n\n\n\n<h2 class=\"wp-block-heading\">SCHLAMPERM\u00c4PPCHEN<\/h2>\n\n\n\n<p>Sind super f\u00fcr die Schule, brauchen nicht viel Platz in der Tasche und die Stifte sind griffbereit verstaut.  Aus Snappap, das ist veganes Leder (100% Papier &amp; Syntheselatex), gerne auch mit einer Baumwollspitze verziert. \u20ac 18 .-<\/p>\n\n\n\n<figure class=\"wp-block-gallery has-nested-images columns-default is-cropped wp-block-gallery-1 is-layout-flex wp-block-gallery-is-layout-flex\">\n<figure class=\"wp-block-image size-large\"><img loading=\"lazy\" decoding=\"async\" width=\"768\" height=\"1024\" data-id=\"2424\" src=\"https:\/\/www.4knoepfchen.at\/wp-content\/uploads\/2023\/04\/IMG_9177-2-768x1024.jpeg\" alt=\"\" class=\"wp-image-2424\" srcset=\"https:\/\/www.4knoepfchen.at\/wp-content\/uploads\/2023\/04\/IMG_9177-2-768x1024.jpeg 768w, https:\/\/www.4knoepfchen.at\/wp-content\/uploads\/2023\/04\/IMG_9177-2-225x300.jpeg 225w, https:\/\/www.4knoepfchen.at\/wp-content\/uploads\/2023\/04\/IMG_9177-2-1152x1536.jpeg 1152w, https:\/\/www.4knoepfchen.at\/wp-content\/uploads\/2023\/04\/IMG_9177-2-1536x2048.jpeg 1536w, https:\/\/www.4knoepfchen.at\/wp-content\/uploads\/2023\/04\/IMG_9177-2-scaled.jpeg 1920w\" sizes=\"auto, (max-width: 706px) 89vw, (max-width: 767px) 82vw, 740px\" \/><\/figure>\n\n\n\n<figure class=\"wp-block-image size-large\"><img loading=\"lazy\" decoding=\"async\" width=\"1024\" height=\"768\" data-id=\"575\" src=\"https:\/\/www.4knoepfchen.at\/wp-content\/uploads\/2019\/06\/IMG_4631-1024x768.jpg\" alt=\"\" class=\"wp-image-575\" srcset=\"https:\/\/www.4knoepfchen.at\/wp-content\/uploads\/2019\/06\/IMG_4631-1024x768.jpg 1024w, https:\/\/www.4knoepfchen.at\/wp-content\/uploads\/2019\/06\/IMG_4631-300x225.jpg 300w, https:\/\/www.4knoepfchen.at\/wp-content\/uploads\/2019\/06\/IMG_4631-768x576.jpg 768w\" sizes=\"auto, (max-width: 706px) 89vw, (max-width: 767px) 82vw, 740px\" \/><figcaption class=\"wp-element-caption\"> <\/figcaption><\/figure>\n\n\n\n<figure class=\"wp-block-image size-large\"><img loading=\"lazy\" decoding=\"async\" width=\"768\" height=\"1024\" data-id=\"2416\" src=\"https:\/\/www.4knoepfchen.at\/wp-content\/uploads\/2023\/04\/IMG_9156-768x1024.jpeg\" alt=\"\" class=\"wp-image-2416\" srcset=\"https:\/\/www.4knoepfchen.at\/wp-content\/uploads\/2023\/04\/IMG_9156-768x1024.jpeg 768w, https:\/\/www.4knoepfchen.at\/wp-content\/uploads\/2023\/04\/IMG_9156-225x300.jpeg 225w, https:\/\/www.4knoepfchen.at\/wp-content\/uploads\/2023\/04\/IMG_9156-1152x1536.jpeg 1152w, https:\/\/www.4knoepfchen.at\/wp-content\/uploads\/2023\/04\/IMG_9156-1536x2048.jpeg 1536w, https:\/\/www.4knoepfchen.at\/wp-content\/uploads\/2023\/04\/IMG_9156-scaled.jpeg 1920w\" sizes=\"auto, (max-width: 706px) 89vw, (max-width: 767px) 82vw, 740px\" \/><\/figure>\n<\/figure>\n\n\n\n<p><\/p>\n\n\n\n<h2 class=\"wp-block-heading\">LUNCHBAGS<\/h2>\n\n\n\n<p>Au\u00dfen aus Baumwollstoff, innen aus einem wasserabweisenden, beschichteten Baumwollstoff. Die umweltfreundliche Alternative zur Frischhaltefolie;). F\u00fcr die Jause in der Schule, f\u00fcr unterwegs beim Ausflug,&#8230;ein nasser Badeanzug l\u00e4sst sich im Sommer auch darin verstauen. \u20ac 25.-( mit Bestickung)<\/p>\n\n\n\n<figure class=\"wp-block-gallery has-nested-images columns-default is-cropped wp-block-gallery-2 is-layout-flex wp-block-gallery-is-layout-flex\">\n<figure class=\"wp-block-image size-large\"><img loading=\"lazy\" decoding=\"async\" width=\"1024\" height=\"768\" data-id=\"2438\" src=\"https:\/\/www.4knoepfchen.at\/wp-content\/uploads\/2023\/04\/IMG_3035-1024x768.jpg\" alt=\"\" class=\"wp-image-2438\" srcset=\"https:\/\/www.4knoepfchen.at\/wp-content\/uploads\/2023\/04\/IMG_3035-1024x768.jpg 1024w, https:\/\/www.4knoepfchen.at\/wp-content\/uploads\/2023\/04\/IMG_3035-300x225.jpg 300w, https:\/\/www.4knoepfchen.at\/wp-content\/uploads\/2023\/04\/IMG_3035-768x576.jpg 768w, https:\/\/www.4knoepfchen.at\/wp-content\/uploads\/2023\/04\/IMG_3035-1536x1152.jpg 1536w, https:\/\/www.4knoepfchen.at\/wp-content\/uploads\/2023\/04\/IMG_3035-2048x1536.jpg 2048w\" sizes=\"auto, (max-width: 706px) 89vw, (max-width: 767px) 82vw, 740px\" \/><\/figure>\n\n\n\n<figure class=\"wp-block-image size-large\"><img loading=\"lazy\" decoding=\"async\" width=\"768\" height=\"1024\" data-id=\"2441\" src=\"https:\/\/www.4knoepfchen.at\/wp-content\/uploads\/2023\/04\/IMG_3276-1-768x1024.jpeg\" alt=\"\" class=\"wp-image-2441\" srcset=\"https:\/\/www.4knoepfchen.at\/wp-content\/uploads\/2023\/04\/IMG_3276-1-768x1024.jpeg 768w, https:\/\/www.4knoepfchen.at\/wp-content\/uploads\/2023\/04\/IMG_3276-1-225x300.jpeg 225w, https:\/\/www.4knoepfchen.at\/wp-content\/uploads\/2023\/04\/IMG_3276-1-1152x1536.jpeg 1152w, https:\/\/www.4knoepfchen.at\/wp-content\/uploads\/2023\/04\/IMG_3276-1-1536x2048.jpeg 1536w, https:\/\/www.4knoepfchen.at\/wp-content\/uploads\/2023\/04\/IMG_3276-1-scaled.jpeg 1920w\" sizes=\"auto, (max-width: 706px) 89vw, (max-width: 767px) 82vw, 740px\" \/><\/figure>\n\n\n\n<figure class=\"wp-block-image size-large\"><img loading=\"lazy\" decoding=\"async\" width=\"768\" height=\"1024\" data-id=\"2440\" src=\"https:\/\/www.4knoepfchen.at\/wp-content\/uploads\/2023\/04\/IMG_2448-768x1024.jpg\" alt=\"\" class=\"wp-image-2440\" srcset=\"https:\/\/www.4knoepfchen.at\/wp-content\/uploads\/2023\/04\/IMG_2448-768x1024.jpg 768w, https:\/\/www.4knoepfchen.at\/wp-content\/uploads\/2023\/04\/IMG_2448-225x300.jpg 225w, https:\/\/www.4knoepfchen.at\/wp-content\/uploads\/2023\/04\/IMG_2448-1152x1536.jpg 1152w, https:\/\/www.4knoepfchen.at\/wp-content\/uploads\/2023\/04\/IMG_2448-1536x2048.jpg 1536w, https:\/\/www.4knoepfchen.at\/wp-content\/uploads\/2023\/04\/IMG_2448-scaled.jpg 1920w\" sizes=\"auto, (max-width: 706px) 89vw, (max-width: 767px) 82vw, 740px\" \/><\/figure>\n\n\n\n<figure class=\"wp-block-image size-large\"><img loading=\"lazy\" decoding=\"async\" width=\"1024\" height=\"1024\" data-id=\"2439\" src=\"https:\/\/www.4knoepfchen.at\/wp-content\/uploads\/2023\/04\/IMG_20180530_165120_522-1024x1024.jpg\" alt=\"\" class=\"wp-image-2439\" srcset=\"https:\/\/www.4knoepfchen.at\/wp-content\/uploads\/2023\/04\/IMG_20180530_165120_522-1024x1024.jpg 1024w, https:\/\/www.4knoepfchen.at\/wp-content\/uploads\/2023\/04\/IMG_20180530_165120_522-300x300.jpg 300w, https:\/\/www.4knoepfchen.at\/wp-content\/uploads\/2023\/04\/IMG_20180530_165120_522-150x150.jpg 150w, https:\/\/www.4knoepfchen.at\/wp-content\/uploads\/2023\/04\/IMG_20180530_165120_522-768x768.jpg 768w, https:\/\/www.4knoepfchen.at\/wp-content\/uploads\/2023\/04\/IMG_20180530_165120_522-1536x1536.jpg 1536w, https:\/\/www.4knoepfchen.at\/wp-content\/uploads\/2023\/04\/IMG_20180530_165120_522-2048x2048.jpg 2048w, https:\/\/www.4knoepfchen.at\/wp-content\/uploads\/2023\/04\/IMG_20180530_165120_522-100x100.jpg 100w\" sizes=\"auto, (max-width: 706px) 89vw, (max-width: 767px) 82vw, 740px\" \/><\/figure>\n\n\n\n<figure class=\"wp-block-image size-large\"><img loading=\"lazy\" decoding=\"async\" width=\"1024\" height=\"768\" data-id=\"2437\" src=\"https:\/\/www.4knoepfchen.at\/wp-content\/uploads\/2023\/04\/IMG_9095-1024x768.jpeg\" alt=\"\" class=\"wp-image-2437\" srcset=\"https:\/\/www.4knoepfchen.at\/wp-content\/uploads\/2023\/04\/IMG_9095-1024x768.jpeg 1024w, https:\/\/www.4knoepfchen.at\/wp-content\/uploads\/2023\/04\/IMG_9095-300x225.jpeg 300w, https:\/\/www.4knoepfchen.at\/wp-content\/uploads\/2023\/04\/IMG_9095-768x576.jpeg 768w, https:\/\/www.4knoepfchen.at\/wp-content\/uploads\/2023\/04\/IMG_9095-1536x1152.jpeg 1536w, https:\/\/www.4knoepfchen.at\/wp-content\/uploads\/2023\/04\/IMG_9095-2048x1536.jpeg 2048w\" sizes=\"auto, (max-width: 706px) 89vw, (max-width: 767px) 82vw, 740px\" \/><\/figure>\n<\/figure>\n","protected":false},"excerpt":{"rendered":"<p>SCHLAMPERM\u00c4PPCHEN Sind super f\u00fcr die Schule, brauchen nicht viel Platz in der Tasche und die Stifte sind griffbereit verstaut. Aus Snappap, das ist veganes Leder (100% Papier &amp; Syntheselatex), gerne auch mit einer Baumwollspitze verziert. \u20ac 18 .- LUNCHBAGS Au\u00dfen aus Baumwollstoff, innen aus einem wasserabweisenden, beschichteten Baumwollstoff. Die umweltfreundliche Alternative zur Frischhaltefolie;). F\u00fcr die &hellip; <\/p>\n<p class=\"link-more\"><a href=\"https:\/\/www.4knoepfchen.at\/?page_id=2436\" class=\"more-link\"><span class=\"screen-reader-text\">\u201eSCHLAMPERM\u00c4PPCHEN &#038; LUNCHBAGS\u201c <\/span>weiterlesen<\/a><\/p>\n","protected":false},"author":1,"featured_media":0,"parent":0,"menu_order":0,"comment_status":"closed","ping_status":"closed","template":"","meta":{"footnotes":""},"class_list":["post-2436","page","type-page","status-publish","hentry"],"_links":{"self":[{"href":"https:\/\/www.4knoepfchen.at\/index.php?rest_route=\/wp\/v2\/pages\/2436","targetHints":{"allow":["GET"]}}],"collection":[{"href":"https:\/\/www.4knoepfchen.at\/index.php?rest_route=\/wp\/v2\/pages"}],"about":[{"href":"https:\/\/www.4knoepfchen.at\/index.php?rest_route=\/wp\/v2\/types\/page"}],"author":[{"embeddable":true,"href":"https:\/\/www.4knoepfchen.at\/index.php?rest_route=\/wp\/v2\/users\/1"}],"replies":[{"embeddable":true,"href":"https:\/\/www.4knoepfchen.at\/index.php?rest_route=%2Fwp%2Fv2%2Fcomments&post=2436"}],"version-history":[{"count":5,"href":"https:\/\/www.4knoepfchen.at\/index.php?rest_route=\/wp\/v2\/pages\/2436\/revisions"}],"predecessor-version":[{"id":3153,"href":"https:\/\/www.4knoepfchen.at\/index.php?rest_route=\/wp\/v2\/pages\/2436\/revisions\/3153"}],"wp:attachment":[{"href":"https:\/\/www.4knoepfchen.at\/index.php?rest_route=%2Fwp%2Fv2%2Fmedia&parent=2436"}],"curies":[{"name":"wp","href":"https:\/\/api.w.org\/{rel}","templated":true}]}}