{"id":381,"date":"2018-02-18T16:29:15","date_gmt":"2018-02-18T16:29:15","guid":{"rendered":"https:\/\/www.4knoepfchen.at\/?page_id=381"},"modified":"2023-12-28T11:49:06","modified_gmt":"2023-12-28T11:49:06","slug":"erwachsene","status":"publish","type":"page","link":"https:\/\/www.4knoepfchen.at\/?page_id=381","title":{"rendered":"ERWACHSENE"},"content":{"rendered":"\n<h2 class=\"wp-block-heading\">MUSSELINT\u00dcCHER<\/h2>\n\n\n\n<p>Sch\u00f6ne T\u00fccher aus Musselin aus 100% Baumwolle, ca 140cm in der Breite, aber im Dreieck geschnitten, damit es um den Hals nicht zu dick wird. Sie sind  sehr angenehm zu tragen, luftig und doch w\u00e4rmend, richtig f\u00fcr die \u00dcbergangszeit;-) \u20ac28.-<\/p>\n\n\n\n<div class=\"wp-block-columns is-layout-flex wp-container-core-columns-is-layout-9d6595d7 wp-block-columns-is-layout-flex\">\n<div class=\"wp-block-column is-layout-flow wp-block-column-is-layout-flow\" style=\"flex-basis:100%\">\n<div class=\"wp-block-group\"><div class=\"wp-block-group__inner-container is-layout-flow wp-block-group-is-layout-flow\">\n<div class=\"wp-block-columns is-layout-flex wp-container-core-columns-is-layout-9d6595d7 wp-block-columns-is-layout-flex\">\n<div class=\"wp-block-column is-layout-flow wp-block-column-is-layout-flow\" style=\"flex-basis:100%\">\n<figure class=\"wp-block-gallery has-nested-images columns-default is-cropped wp-block-gallery-1 is-layout-flex wp-block-gallery-is-layout-flex\">\n<figure class=\"wp-block-image size-large\"><img loading=\"lazy\" decoding=\"async\" width=\"1024\" height=\"768\" data-id=\"675\" src=\"https:\/\/www.4knoepfchen.at\/wp-content\/uploads\/2020\/05\/IMG_81871-1024x768.jpg\" alt=\"\" class=\"wp-image-675\" srcset=\"https:\/\/www.4knoepfchen.at\/wp-content\/uploads\/2020\/05\/IMG_81871-1024x768.jpg 1024w, https:\/\/www.4knoepfchen.at\/wp-content\/uploads\/2020\/05\/IMG_81871-300x225.jpg 300w, https:\/\/www.4knoepfchen.at\/wp-content\/uploads\/2020\/05\/IMG_81871-768x576.jpg 768w, https:\/\/www.4knoepfchen.at\/wp-content\/uploads\/2020\/05\/IMG_81871-1536x1152.jpg 1536w, https:\/\/www.4knoepfchen.at\/wp-content\/uploads\/2020\/05\/IMG_81871-2048x1536.jpg 2048w\" sizes=\"auto, (max-width: 706px) 89vw, (max-width: 767px) 82vw, 740px\" \/><\/figure>\n\n\n\n<figure class=\"wp-block-image size-large\"><img loading=\"lazy\" decoding=\"async\" width=\"1024\" height=\"768\" data-id=\"674\" src=\"https:\/\/www.4knoepfchen.at\/wp-content\/uploads\/2020\/05\/IMG_81861-1024x768.jpg\" alt=\"\" class=\"wp-image-674\" srcset=\"https:\/\/www.4knoepfchen.at\/wp-content\/uploads\/2020\/05\/IMG_81861-1024x768.jpg 1024w, https:\/\/www.4knoepfchen.at\/wp-content\/uploads\/2020\/05\/IMG_81861-300x225.jpg 300w, https:\/\/www.4knoepfchen.at\/wp-content\/uploads\/2020\/05\/IMG_81861-768x576.jpg 768w, https:\/\/www.4knoepfchen.at\/wp-content\/uploads\/2020\/05\/IMG_81861-1536x1152.jpg 1536w, https:\/\/www.4knoepfchen.at\/wp-content\/uploads\/2020\/05\/IMG_81861-2048x1536.jpg 2048w\" sizes=\"auto, (max-width: 706px) 89vw, (max-width: 767px) 82vw, 740px\" \/><\/figure>\n\n\n\n<figure class=\"wp-block-image size-large\"><img loading=\"lazy\" decoding=\"async\" width=\"1024\" height=\"768\" data-id=\"673\" src=\"https:\/\/www.4knoepfchen.at\/wp-content\/uploads\/2020\/05\/IMG_81841-1024x768.jpg\" alt=\"\" class=\"wp-image-673\" srcset=\"https:\/\/www.4knoepfchen.at\/wp-content\/uploads\/2020\/05\/IMG_81841-1024x768.jpg 1024w, https:\/\/www.4knoepfchen.at\/wp-content\/uploads\/2020\/05\/IMG_81841-300x225.jpg 300w, https:\/\/www.4knoepfchen.at\/wp-content\/uploads\/2020\/05\/IMG_81841-768x576.jpg 768w, https:\/\/www.4knoepfchen.at\/wp-content\/uploads\/2020\/05\/IMG_81841-1536x1152.jpg 1536w, https:\/\/www.4knoepfchen.at\/wp-content\/uploads\/2020\/05\/IMG_81841-2048x1536.jpg 2048w\" sizes=\"auto, (max-width: 706px) 89vw, (max-width: 767px) 82vw, 740px\" \/><\/figure>\n<\/figure>\n\n\n\n<figure class=\"wp-block-gallery has-nested-images columns-default is-cropped wp-block-gallery-2 is-layout-flex wp-block-gallery-is-layout-flex\">\n<figure class=\"wp-block-image size-large\"><img loading=\"lazy\" decoding=\"async\" width=\"1024\" height=\"768\" data-id=\"1450\" src=\"https:\/\/www.4knoepfchen.at\/wp-content\/uploads\/2021\/10\/IMG_7543-1024x768.jpeg\" alt=\"\" class=\"wp-image-1450\" srcset=\"https:\/\/www.4knoepfchen.at\/wp-content\/uploads\/2021\/10\/IMG_7543-1024x768.jpeg 1024w, https:\/\/www.4knoepfchen.at\/wp-content\/uploads\/2021\/10\/IMG_7543-300x225.jpeg 300w, https:\/\/www.4knoepfchen.at\/wp-content\/uploads\/2021\/10\/IMG_7543-768x576.jpeg 768w, https:\/\/www.4knoepfchen.at\/wp-content\/uploads\/2021\/10\/IMG_7543-1536x1152.jpeg 1536w, https:\/\/www.4knoepfchen.at\/wp-content\/uploads\/2021\/10\/IMG_7543-2048x1536.jpeg 2048w\" sizes=\"auto, (max-width: 706px) 89vw, (max-width: 767px) 82vw, 740px\" \/><\/figure>\n\n\n\n<figure class=\"wp-block-image size-large\"><img loading=\"lazy\" decoding=\"async\" width=\"1024\" height=\"768\" data-id=\"1451\" src=\"https:\/\/www.4knoepfchen.at\/wp-content\/uploads\/2021\/10\/IMG_7545-1-1024x768.jpeg\" alt=\"\" class=\"wp-image-1451\" srcset=\"https:\/\/www.4knoepfchen.at\/wp-content\/uploads\/2021\/10\/IMG_7545-1-1024x768.jpeg 1024w, https:\/\/www.4knoepfchen.at\/wp-content\/uploads\/2021\/10\/IMG_7545-1-300x225.jpeg 300w, https:\/\/www.4knoepfchen.at\/wp-content\/uploads\/2021\/10\/IMG_7545-1-768x576.jpeg 768w, https:\/\/www.4knoepfchen.at\/wp-content\/uploads\/2021\/10\/IMG_7545-1-1536x1152.jpeg 1536w, https:\/\/www.4knoepfchen.at\/wp-content\/uploads\/2021\/10\/IMG_7545-1-2048x1536.jpeg 2048w\" sizes=\"auto, (max-width: 706px) 89vw, (max-width: 767px) 82vw, 740px\" \/><\/figure>\n\n\n\n<figure class=\"wp-block-image size-large\"><img loading=\"lazy\" decoding=\"async\" width=\"1024\" height=\"768\" data-id=\"1454\" src=\"https:\/\/www.4knoepfchen.at\/wp-content\/uploads\/2021\/10\/IMG_7536-1024x768.jpeg\" alt=\"\" class=\"wp-image-1454\" srcset=\"https:\/\/www.4knoepfchen.at\/wp-content\/uploads\/2021\/10\/IMG_7536-1024x768.jpeg 1024w, https:\/\/www.4knoepfchen.at\/wp-content\/uploads\/2021\/10\/IMG_7536-300x225.jpeg 300w, https:\/\/www.4knoepfchen.at\/wp-content\/uploads\/2021\/10\/IMG_7536-768x576.jpeg 768w, https:\/\/www.4knoepfchen.at\/wp-content\/uploads\/2021\/10\/IMG_7536-1536x1152.jpeg 1536w, https:\/\/www.4knoepfchen.at\/wp-content\/uploads\/2021\/10\/IMG_7536-2048x1536.jpeg 2048w\" sizes=\"auto, (max-width: 706px) 89vw, (max-width: 767px) 82vw, 740px\" \/><\/figure>\n\n\n\n<figure class=\"wp-block-image size-large\"><img loading=\"lazy\" decoding=\"async\" width=\"1024\" height=\"768\" data-id=\"2090\" src=\"https:\/\/www.4knoepfchen.at\/wp-content\/uploads\/2022\/12\/IMG_7732-1-1024x768.jpeg\" alt=\"\" class=\"wp-image-2090\" srcset=\"https:\/\/www.4knoepfchen.at\/wp-content\/uploads\/2022\/12\/IMG_7732-1-1024x768.jpeg 1024w, https:\/\/www.4knoepfchen.at\/wp-content\/uploads\/2022\/12\/IMG_7732-1-300x225.jpeg 300w, https:\/\/www.4knoepfchen.at\/wp-content\/uploads\/2022\/12\/IMG_7732-1-768x576.jpeg 768w, https:\/\/www.4knoepfchen.at\/wp-content\/uploads\/2022\/12\/IMG_7732-1-1536x1152.jpeg 1536w, https:\/\/www.4knoepfchen.at\/wp-content\/uploads\/2022\/12\/IMG_7732-1-2048x1536.jpeg 2048w\" sizes=\"auto, (max-width: 706px) 89vw, (max-width: 767px) 82vw, 740px\" \/><\/figure>\n\n\n\n<figure class=\"wp-block-image size-large\"><img loading=\"lazy\" decoding=\"async\" width=\"1024\" height=\"768\" data-id=\"1452\" src=\"https:\/\/www.4knoepfchen.at\/wp-content\/uploads\/2021\/10\/IMG_7544-1-1024x768.jpeg\" alt=\"\" class=\"wp-image-1452\" srcset=\"https:\/\/www.4knoepfchen.at\/wp-content\/uploads\/2021\/10\/IMG_7544-1-1024x768.jpeg 1024w, https:\/\/www.4knoepfchen.at\/wp-content\/uploads\/2021\/10\/IMG_7544-1-300x225.jpeg 300w, https:\/\/www.4knoepfchen.at\/wp-content\/uploads\/2021\/10\/IMG_7544-1-768x576.jpeg 768w, https:\/\/www.4knoepfchen.at\/wp-content\/uploads\/2021\/10\/IMG_7544-1-1536x1152.jpeg 1536w, https:\/\/www.4knoepfchen.at\/wp-content\/uploads\/2021\/10\/IMG_7544-1-2048x1536.jpeg 2048w\" sizes=\"auto, (max-width: 706px) 89vw, (max-width: 767px) 82vw, 740px\" \/><\/figure>\n\n\n\n<figure class=\"wp-block-image size-large\"><img loading=\"lazy\" decoding=\"async\" width=\"1024\" height=\"768\" data-id=\"1456\" src=\"https:\/\/www.4knoepfchen.at\/wp-content\/uploads\/2021\/10\/IMG_7523-1024x768.jpeg\" alt=\"\" class=\"wp-image-1456\" srcset=\"https:\/\/www.4knoepfchen.at\/wp-content\/uploads\/2021\/10\/IMG_7523-1024x768.jpeg 1024w, https:\/\/www.4knoepfchen.at\/wp-content\/uploads\/2021\/10\/IMG_7523-300x225.jpeg 300w, https:\/\/www.4knoepfchen.at\/wp-content\/uploads\/2021\/10\/IMG_7523-768x576.jpeg 768w, https:\/\/www.4knoepfchen.at\/wp-content\/uploads\/2021\/10\/IMG_7523-1536x1152.jpeg 1536w, https:\/\/www.4knoepfchen.at\/wp-content\/uploads\/2021\/10\/IMG_7523-2048x1536.jpeg 2048w\" sizes=\"auto, (max-width: 706px) 89vw, (max-width: 767px) 82vw, 740px\" \/><\/figure>\n<\/figure>\n<\/div>\n<\/div>\n\n\n\n<h2 class=\"wp-block-heading\">BEANIES<\/h2>\n\n\n\n<p>gibt es nat\u00fcrlich auch f\u00fcr Erwachsene:) in verschiedenen Gr\u00f6\u00dfen.<\/p>\n\n\n\n<p>Die klassischen zum Wenden aus  Jersey 95% Baumwolle und 5% Elasthan, wenn es ein Geschenk sein soll, lassen sie sich auch gerne besticken. <\/p>\n\n\n\n<p>Aber es gibt nat\u00fcrlich auch eine w\u00e4rmere Variante aus Jersey 95% Baumwolle und 5% Elasthan und einem d\u00fcnnem Strickstoff aus 100% Merinowolle (mulesingfrei).<\/p>\n\n\n\n<figure class=\"wp-block-gallery has-nested-images columns-default is-cropped wp-block-gallery-3 is-layout-flex wp-block-gallery-is-layout-flex\">\n<figure class=\"wp-block-image size-large\"><img loading=\"lazy\" decoding=\"async\" width=\"768\" height=\"1024\" data-id=\"1889\" src=\"https:\/\/www.4knoepfchen.at\/wp-content\/uploads\/2022\/04\/IMG_9465-768x1024.jpeg\" alt=\"\" class=\"wp-image-1889\" srcset=\"https:\/\/www.4knoepfchen.at\/wp-content\/uploads\/2022\/04\/IMG_9465-768x1024.jpeg 768w, https:\/\/www.4knoepfchen.at\/wp-content\/uploads\/2022\/04\/IMG_9465-225x300.jpeg 225w, https:\/\/www.4knoepfchen.at\/wp-content\/uploads\/2022\/04\/IMG_9465-1152x1536.jpeg 1152w, https:\/\/www.4knoepfchen.at\/wp-content\/uploads\/2022\/04\/IMG_9465-1536x2048.jpeg 1536w, https:\/\/www.4knoepfchen.at\/wp-content\/uploads\/2022\/04\/IMG_9465-scaled.jpeg 1920w\" sizes=\"auto, (max-width: 706px) 89vw, (max-width: 767px) 82vw, 740px\" \/><figcaption class=\"wp-element-caption\">aus Jersey<\/figcaption><\/figure>\n\n\n\n<figure class=\"wp-block-image size-large\"><img loading=\"lazy\" decoding=\"async\" width=\"810\" height=\"1024\" data-id=\"2662\" src=\"https:\/\/www.4knoepfchen.at\/wp-content\/uploads\/2023\/04\/Screenshot_20170830-213331-810x1024.jpeg\" alt=\"\" class=\"wp-image-2662\" srcset=\"https:\/\/www.4knoepfchen.at\/wp-content\/uploads\/2023\/04\/Screenshot_20170830-213331-810x1024.jpeg 810w, https:\/\/www.4knoepfchen.at\/wp-content\/uploads\/2023\/04\/Screenshot_20170830-213331-237x300.jpeg 237w, https:\/\/www.4knoepfchen.at\/wp-content\/uploads\/2023\/04\/Screenshot_20170830-213331-768x971.jpeg 768w, https:\/\/www.4knoepfchen.at\/wp-content\/uploads\/2023\/04\/Screenshot_20170830-213331.jpeg 1080w\" sizes=\"auto, (max-width: 706px) 89vw, (max-width: 767px) 82vw, 740px\" \/><\/figure>\n\n\n\n<figure class=\"wp-block-image size-large\"><img loading=\"lazy\" decoding=\"async\" width=\"1024\" height=\"768\" data-id=\"3076\" src=\"https:\/\/www.4knoepfchen.at\/wp-content\/uploads\/2023\/12\/IMG_5620-1024x768.jpeg\" alt=\"\" class=\"wp-image-3076\" srcset=\"https:\/\/www.4knoepfchen.at\/wp-content\/uploads\/2023\/12\/IMG_5620-1024x768.jpeg 1024w, https:\/\/www.4knoepfchen.at\/wp-content\/uploads\/2023\/12\/IMG_5620-300x225.jpeg 300w, https:\/\/www.4knoepfchen.at\/wp-content\/uploads\/2023\/12\/IMG_5620-768x576.jpeg 768w, https:\/\/www.4knoepfchen.at\/wp-content\/uploads\/2023\/12\/IMG_5620-1536x1152.jpeg 1536w, https:\/\/www.4knoepfchen.at\/wp-content\/uploads\/2023\/12\/IMG_5620-2048x1536.jpeg 2048w\" sizes=\"auto, (max-width: 706px) 89vw, (max-width: 767px) 82vw, 740px\" \/><\/figure>\n\n\n\n<figure class=\"wp-block-image size-large\"><img loading=\"lazy\" decoding=\"async\" width=\"768\" height=\"1024\" data-id=\"2656\" src=\"https:\/\/www.4knoepfchen.at\/wp-content\/uploads\/2023\/04\/IMG_8841-768x1024.jpeg\" alt=\"\" class=\"wp-image-2656\" srcset=\"https:\/\/www.4knoepfchen.at\/wp-content\/uploads\/2023\/04\/IMG_8841-768x1024.jpeg 768w, https:\/\/www.4knoepfchen.at\/wp-content\/uploads\/2023\/04\/IMG_8841-225x300.jpeg 225w, https:\/\/www.4knoepfchen.at\/wp-content\/uploads\/2023\/04\/IMG_8841-1152x1536.jpeg 1152w, https:\/\/www.4knoepfchen.at\/wp-content\/uploads\/2023\/04\/IMG_8841-1536x2048.jpeg 1536w, https:\/\/www.4knoepfchen.at\/wp-content\/uploads\/2023\/04\/IMG_8841-scaled.jpeg 1920w\" sizes=\"auto, (max-width: 706px) 89vw, (max-width: 767px) 82vw, 740px\" \/><figcaption class=\"wp-element-caption\">Jersey\/Merinowolle<\/figcaption><\/figure>\n<\/figure>\n<\/div><\/div>\n<\/div>\n<\/div>\n\n\n\n<p><\/p>\n","protected":false},"excerpt":{"rendered":"<p>MUSSELINT\u00dcCHER Sch\u00f6ne T\u00fccher aus Musselin aus 100% Baumwolle, ca 140cm in der Breite, aber im Dreieck geschnitten, damit es um den Hals nicht zu dick wird. Sie sind sehr angenehm zu tragen, luftig und doch w\u00e4rmend, richtig f\u00fcr die \u00dcbergangszeit;-) \u20ac28.- BEANIES gibt es nat\u00fcrlich auch f\u00fcr Erwachsene:) in verschiedenen Gr\u00f6\u00dfen. Die klassischen zum Wenden &hellip; <\/p>\n<p class=\"link-more\"><a href=\"https:\/\/www.4knoepfchen.at\/?page_id=381\" class=\"more-link\"><span class=\"screen-reader-text\">\u201eERWACHSENE\u201c <\/span>weiterlesen<\/a><\/p>\n","protected":false},"author":1,"featured_media":0,"parent":116,"menu_order":2,"comment_status":"closed","ping_status":"closed","template":"","meta":{"footnotes":""},"class_list":["post-381","page","type-page","status-publish","hentry"],"_links":{"self":[{"href":"https:\/\/www.4knoepfchen.at\/index.php?rest_route=\/wp\/v2\/pages\/381","targetHints":{"allow":["GET"]}}],"collection":[{"href":"https:\/\/www.4knoepfchen.at\/index.php?rest_route=\/wp\/v2\/pages"}],"about":[{"href":"https:\/\/www.4knoepfchen.at\/index.php?rest_route=\/wp\/v2\/types\/page"}],"author":[{"embeddable":true,"href":"https:\/\/www.4knoepfchen.at\/index.php?rest_route=\/wp\/v2\/users\/1"}],"replies":[{"embeddable":true,"href":"https:\/\/www.4knoepfchen.at\/index.php?rest_route=%2Fwp%2Fv2%2Fcomments&post=381"}],"version-history":[{"count":20,"href":"https:\/\/www.4knoepfchen.at\/index.php?rest_route=\/wp\/v2\/pages\/381\/revisions"}],"predecessor-version":[{"id":3077,"href":"https:\/\/www.4knoepfchen.at\/index.php?rest_route=\/wp\/v2\/pages\/381\/revisions\/3077"}],"up":[{"embeddable":true,"href":"https:\/\/www.4knoepfchen.at\/index.php?rest_route=\/wp\/v2\/pages\/116"}],"wp:attachment":[{"href":"https:\/\/www.4knoepfchen.at\/index.php?rest_route=%2Fwp%2Fv2%2Fmedia&parent=381"}],"curies":[{"name":"wp","href":"https:\/\/api.w.org\/{rel}","templated":true}]}}