{"id":832,"date":"2021-01-25T19:22:42","date_gmt":"2021-01-25T19:22:42","guid":{"rendered":"https:\/\/www.4knoepfchen.at\/?page_id=832"},"modified":"2023-12-27T18:20:46","modified_gmt":"2023-12-27T18:20:46","slug":"krabbeldecken","status":"publish","type":"page","link":"https:\/\/www.4knoepfchen.at\/?page_id=832","title":{"rendered":"KRABBELDECKE"},"content":{"rendered":"\n<p>Die klassische Patchworkkrabbeldecke in der Gr\u00f6\u00dfe 110cm x 110cm, aus 100% Baumwolle, mit einer etwas dickeren Wattierung. <\/p>\n\n\n\n<p>Gerne individuell bestickt mit deinem Wunschmotiv, und\/oder Namen und Geburtsdatum, Gewicht &amp; Gr\u00f6\u00dfe. \u20ac75.- (Preis ohne Bestickung)<\/p>\n\n\n\n<figure class=\"wp-block-gallery has-nested-images columns-2 is-cropped wp-block-gallery-1 is-layout-flex wp-block-gallery-is-layout-flex\">\n<figure class=\"wp-block-image size-large\"><img loading=\"lazy\" decoding=\"async\" width=\"768\" height=\"1024\" data-id=\"3028\" src=\"https:\/\/www.4knoepfchen.at\/wp-content\/uploads\/2023\/12\/IMG_4287-768x1024.jpeg\" alt=\"\" class=\"wp-image-3028\" srcset=\"https:\/\/www.4knoepfchen.at\/wp-content\/uploads\/2023\/12\/IMG_4287-768x1024.jpeg 768w, https:\/\/www.4knoepfchen.at\/wp-content\/uploads\/2023\/12\/IMG_4287-225x300.jpeg 225w, https:\/\/www.4knoepfchen.at\/wp-content\/uploads\/2023\/12\/IMG_4287-1152x1536.jpeg 1152w, https:\/\/www.4knoepfchen.at\/wp-content\/uploads\/2023\/12\/IMG_4287-1536x2048.jpeg 1536w, https:\/\/www.4knoepfchen.at\/wp-content\/uploads\/2023\/12\/IMG_4287-scaled.jpeg 1920w\" sizes=\"auto, (max-width: 706px) 89vw, (max-width: 767px) 82vw, 740px\" \/><\/figure>\n\n\n\n<figure class=\"wp-block-image size-large\"><img loading=\"lazy\" decoding=\"async\" width=\"780\" height=\"1024\" data-id=\"3029\" src=\"https:\/\/www.4knoepfchen.at\/wp-content\/uploads\/2023\/12\/IMG_3806-780x1024.jpeg\" alt=\"\" class=\"wp-image-3029\" srcset=\"https:\/\/www.4knoepfchen.at\/wp-content\/uploads\/2023\/12\/IMG_3806-780x1024.jpeg 780w, https:\/\/www.4knoepfchen.at\/wp-content\/uploads\/2023\/12\/IMG_3806-229x300.jpeg 229w, https:\/\/www.4knoepfchen.at\/wp-content\/uploads\/2023\/12\/IMG_3806-768x1008.jpeg 768w, https:\/\/www.4knoepfchen.at\/wp-content\/uploads\/2023\/12\/IMG_3806-1170x1536.jpeg 1170w, https:\/\/www.4knoepfchen.at\/wp-content\/uploads\/2023\/12\/IMG_3806-1560x2048.jpeg 1560w, https:\/\/www.4knoepfchen.at\/wp-content\/uploads\/2023\/12\/IMG_3806-scaled.jpeg 1950w\" sizes=\"auto, (max-width: 706px) 89vw, (max-width: 767px) 82vw, 740px\" \/><\/figure>\n\n\n\n<figure class=\"wp-block-image size-large\"><img loading=\"lazy\" decoding=\"async\" width=\"768\" height=\"1024\" data-id=\"3027\" src=\"https:\/\/www.4knoepfchen.at\/wp-content\/uploads\/2023\/12\/IMG_3194-768x1024.jpeg\" alt=\"\" class=\"wp-image-3027\" srcset=\"https:\/\/www.4knoepfchen.at\/wp-content\/uploads\/2023\/12\/IMG_3194-768x1024.jpeg 768w, https:\/\/www.4knoepfchen.at\/wp-content\/uploads\/2023\/12\/IMG_3194-225x300.jpeg 225w, https:\/\/www.4knoepfchen.at\/wp-content\/uploads\/2023\/12\/IMG_3194-1152x1536.jpeg 1152w, https:\/\/www.4knoepfchen.at\/wp-content\/uploads\/2023\/12\/IMG_3194-1536x2048.jpeg 1536w, https:\/\/www.4knoepfchen.at\/wp-content\/uploads\/2023\/12\/IMG_3194-scaled.jpeg 1920w\" sizes=\"auto, (max-width: 706px) 89vw, (max-width: 767px) 82vw, 740px\" \/><\/figure>\n\n\n\n<figure class=\"wp-block-image size-large\"><img loading=\"lazy\" decoding=\"async\" width=\"1024\" height=\"746\" data-id=\"3026\" src=\"https:\/\/www.4knoepfchen.at\/wp-content\/uploads\/2023\/12\/IMG_3189-1024x746.jpeg\" alt=\"\" class=\"wp-image-3026\" srcset=\"https:\/\/www.4knoepfchen.at\/wp-content\/uploads\/2023\/12\/IMG_3189-1024x746.jpeg 1024w, https:\/\/www.4knoepfchen.at\/wp-content\/uploads\/2023\/12\/IMG_3189-300x218.jpeg 300w, https:\/\/www.4knoepfchen.at\/wp-content\/uploads\/2023\/12\/IMG_3189-768x559.jpeg 768w, https:\/\/www.4knoepfchen.at\/wp-content\/uploads\/2023\/12\/IMG_3189-1536x1118.jpeg 1536w, https:\/\/www.4knoepfchen.at\/wp-content\/uploads\/2023\/12\/IMG_3189-2048x1491.jpeg 2048w\" sizes=\"auto, (max-width: 706px) 89vw, (max-width: 767px) 82vw, 740px\" \/><\/figure>\n\n\n\n<figure class=\"wp-block-image size-large\"><img loading=\"lazy\" decoding=\"async\" width=\"768\" height=\"1024\" data-id=\"3025\" src=\"https:\/\/www.4knoepfchen.at\/wp-content\/uploads\/2023\/12\/IMG_4812-768x1024.jpeg\" alt=\"\" class=\"wp-image-3025\" srcset=\"https:\/\/www.4knoepfchen.at\/wp-content\/uploads\/2023\/12\/IMG_4812-768x1024.jpeg 768w, https:\/\/www.4knoepfchen.at\/wp-content\/uploads\/2023\/12\/IMG_4812-225x300.jpeg 225w, https:\/\/www.4knoepfchen.at\/wp-content\/uploads\/2023\/12\/IMG_4812-1152x1536.jpeg 1152w, https:\/\/www.4knoepfchen.at\/wp-content\/uploads\/2023\/12\/IMG_4812-1536x2048.jpeg 1536w, https:\/\/www.4knoepfchen.at\/wp-content\/uploads\/2023\/12\/IMG_4812-scaled.jpeg 1920w\" sizes=\"auto, (max-width: 706px) 89vw, (max-width: 767px) 82vw, 740px\" \/><\/figure>\n\n\n\n<figure class=\"wp-block-image size-large\"><img loading=\"lazy\" decoding=\"async\" width=\"768\" height=\"1024\" data-id=\"3024\" src=\"https:\/\/www.4knoepfchen.at\/wp-content\/uploads\/2023\/12\/IMG_4817-768x1024.jpeg\" alt=\"\" class=\"wp-image-3024\" srcset=\"https:\/\/www.4knoepfchen.at\/wp-content\/uploads\/2023\/12\/IMG_4817-768x1024.jpeg 768w, https:\/\/www.4knoepfchen.at\/wp-content\/uploads\/2023\/12\/IMG_4817-225x300.jpeg 225w, https:\/\/www.4knoepfchen.at\/wp-content\/uploads\/2023\/12\/IMG_4817-1152x1536.jpeg 1152w, https:\/\/www.4knoepfchen.at\/wp-content\/uploads\/2023\/12\/IMG_4817-1536x2048.jpeg 1536w, https:\/\/www.4knoepfchen.at\/wp-content\/uploads\/2023\/12\/IMG_4817-scaled.jpeg 1920w\" sizes=\"auto, (max-width: 706px) 89vw, (max-width: 767px) 82vw, 740px\" \/><\/figure>\n\n\n\n<figure class=\"wp-block-image size-large\"><img loading=\"lazy\" decoding=\"async\" width=\"768\" height=\"1024\" data-id=\"3022\" src=\"https:\/\/www.4knoepfchen.at\/wp-content\/uploads\/2023\/12\/IMG_5728-1-768x1024.jpeg\" alt=\"\" class=\"wp-image-3022\" srcset=\"https:\/\/www.4knoepfchen.at\/wp-content\/uploads\/2023\/12\/IMG_5728-1-768x1024.jpeg 768w, https:\/\/www.4knoepfchen.at\/wp-content\/uploads\/2023\/12\/IMG_5728-1-225x300.jpeg 225w, https:\/\/www.4knoepfchen.at\/wp-content\/uploads\/2023\/12\/IMG_5728-1-1152x1536.jpeg 1152w, https:\/\/www.4knoepfchen.at\/wp-content\/uploads\/2023\/12\/IMG_5728-1-1536x2048.jpeg 1536w, https:\/\/www.4knoepfchen.at\/wp-content\/uploads\/2023\/12\/IMG_5728-1-scaled.jpeg 1920w\" sizes=\"auto, (max-width: 706px) 89vw, (max-width: 767px) 82vw, 740px\" \/><\/figure>\n\n\n\n<figure class=\"wp-block-image size-large\"><img loading=\"lazy\" decoding=\"async\" width=\"1024\" height=\"768\" data-id=\"3023\" src=\"https:\/\/www.4knoepfchen.at\/wp-content\/uploads\/2023\/12\/IMG_5727-1-1024x768.jpeg\" alt=\"\" class=\"wp-image-3023\" srcset=\"https:\/\/www.4knoepfchen.at\/wp-content\/uploads\/2023\/12\/IMG_5727-1-1024x768.jpeg 1024w, https:\/\/www.4knoepfchen.at\/wp-content\/uploads\/2023\/12\/IMG_5727-1-300x225.jpeg 300w, https:\/\/www.4knoepfchen.at\/wp-content\/uploads\/2023\/12\/IMG_5727-1-768x576.jpeg 768w, https:\/\/www.4knoepfchen.at\/wp-content\/uploads\/2023\/12\/IMG_5727-1-1536x1152.jpeg 1536w, https:\/\/www.4knoepfchen.at\/wp-content\/uploads\/2023\/12\/IMG_5727-1-2048x1536.jpeg 2048w\" sizes=\"auto, (max-width: 706px) 89vw, (max-width: 767px) 82vw, 740px\" \/><\/figure>\n\n\n\n<figure class=\"wp-block-image size-large\"><img loading=\"lazy\" decoding=\"async\" width=\"1920\" height=\"2560\" data-id=\"1863\" src=\"https:\/\/www.4knoepfchen.at\/wp-content\/uploads\/2022\/04\/IMG_0546-scaled.jpeg\" alt=\"\" class=\"wp-image-1863\" srcset=\"https:\/\/www.4knoepfchen.at\/wp-content\/uploads\/2022\/04\/IMG_0546-scaled.jpeg 1920w, https:\/\/www.4knoepfchen.at\/wp-content\/uploads\/2022\/04\/IMG_0546-225x300.jpeg 225w, https:\/\/www.4knoepfchen.at\/wp-content\/uploads\/2022\/04\/IMG_0546-768x1024.jpeg 768w, https:\/\/www.4knoepfchen.at\/wp-content\/uploads\/2022\/04\/IMG_0546-1152x1536.jpeg 1152w, https:\/\/www.4knoepfchen.at\/wp-content\/uploads\/2022\/04\/IMG_0546-1536x2048.jpeg 1536w\" sizes=\"auto, (max-width: 706px) 89vw, (max-width: 767px) 82vw, 740px\" \/><\/figure>\n\n\n\n<figure class=\"wp-block-image size-large\"><img loading=\"lazy\" decoding=\"async\" width=\"1024\" height=\"768\" data-id=\"3018\" src=\"https:\/\/www.4knoepfchen.at\/wp-content\/uploads\/2023\/12\/IMG_4588-1024x768.jpeg\" alt=\"\" class=\"wp-image-3018\" srcset=\"https:\/\/www.4knoepfchen.at\/wp-content\/uploads\/2023\/12\/IMG_4588-1024x768.jpeg 1024w, https:\/\/www.4knoepfchen.at\/wp-content\/uploads\/2023\/12\/IMG_4588-300x225.jpeg 300w, https:\/\/www.4knoepfchen.at\/wp-content\/uploads\/2023\/12\/IMG_4588-768x576.jpeg 768w, https:\/\/www.4knoepfchen.at\/wp-content\/uploads\/2023\/12\/IMG_4588-1536x1152.jpeg 1536w, https:\/\/www.4knoepfchen.at\/wp-content\/uploads\/2023\/12\/IMG_4588-2048x1536.jpeg 2048w\" sizes=\"auto, (max-width: 706px) 89vw, (max-width: 767px) 82vw, 740px\" \/><\/figure>\n\n\n\n<figure class=\"wp-block-image size-large\"><img loading=\"lazy\" decoding=\"async\" width=\"2030\" height=\"2560\" data-id=\"1900\" src=\"https:\/\/www.4knoepfchen.at\/wp-content\/uploads\/2022\/04\/IMG_2793-scaled.jpeg\" alt=\"\" class=\"wp-image-1900\" srcset=\"https:\/\/www.4knoepfchen.at\/wp-content\/uploads\/2022\/04\/IMG_2793-scaled.jpeg 2030w, https:\/\/www.4knoepfchen.at\/wp-content\/uploads\/2022\/04\/IMG_2793-238x300.jpeg 238w, https:\/\/www.4knoepfchen.at\/wp-content\/uploads\/2022\/04\/IMG_2793-812x1024.jpeg 812w, https:\/\/www.4knoepfchen.at\/wp-content\/uploads\/2022\/04\/IMG_2793-768x969.jpeg 768w, https:\/\/www.4knoepfchen.at\/wp-content\/uploads\/2022\/04\/IMG_2793-1218x1536.jpeg 1218w, https:\/\/www.4knoepfchen.at\/wp-content\/uploads\/2022\/04\/IMG_2793-1624x2048.jpeg 1624w\" sizes=\"auto, (max-width: 706px) 89vw, (max-width: 767px) 82vw, 740px\" \/><\/figure>\n\n\n\n<figure class=\"wp-block-image size-large\"><img loading=\"lazy\" decoding=\"async\" width=\"1024\" height=\"704\" data-id=\"1901\" src=\"https:\/\/www.4knoepfchen.at\/wp-content\/uploads\/2022\/04\/IMG_6339-1-1024x704.jpeg\" alt=\"\" class=\"wp-image-1901\" srcset=\"https:\/\/www.4knoepfchen.at\/wp-content\/uploads\/2022\/04\/IMG_6339-1-1024x704.jpeg 1024w, https:\/\/www.4knoepfchen.at\/wp-content\/uploads\/2022\/04\/IMG_6339-1-300x206.jpeg 300w, https:\/\/www.4knoepfchen.at\/wp-content\/uploads\/2022\/04\/IMG_6339-1-768x528.jpeg 768w, https:\/\/www.4knoepfchen.at\/wp-content\/uploads\/2022\/04\/IMG_6339-1-1536x1056.jpeg 1536w, https:\/\/www.4knoepfchen.at\/wp-content\/uploads\/2022\/04\/IMG_6339-1-2048x1408.jpeg 2048w\" sizes=\"auto, (max-width: 706px) 89vw, (max-width: 767px) 82vw, 740px\" \/><\/figure>\n\n\n\n<figure class=\"wp-block-image size-large\"><img loading=\"lazy\" decoding=\"async\" width=\"1024\" height=\"768\" data-id=\"592\" src=\"https:\/\/www.4knoepfchen.at\/wp-content\/uploads\/2019\/11\/IMG_6384-1024x768.jpg\" alt=\"\" class=\"wp-image-592\" srcset=\"https:\/\/www.4knoepfchen.at\/wp-content\/uploads\/2019\/11\/IMG_6384-1024x768.jpg 1024w, https:\/\/www.4knoepfchen.at\/wp-content\/uploads\/2019\/11\/IMG_6384-300x225.jpg 300w, https:\/\/www.4knoepfchen.at\/wp-content\/uploads\/2019\/11\/IMG_6384-768x576.jpg 768w\" sizes=\"auto, (max-width: 706px) 89vw, (max-width: 767px) 82vw, 740px\" \/><\/figure>\n\n\n\n<figure class=\"wp-block-image size-large\"><img loading=\"lazy\" decoding=\"async\" width=\"834\" height=\"1024\" data-id=\"1902\" src=\"https:\/\/www.4knoepfchen.at\/wp-content\/uploads\/2022\/04\/IMG_5856-834x1024.jpg\" alt=\"\" class=\"wp-image-1902\" srcset=\"https:\/\/www.4knoepfchen.at\/wp-content\/uploads\/2022\/04\/IMG_5856-834x1024.jpg 834w, https:\/\/www.4knoepfchen.at\/wp-content\/uploads\/2022\/04\/IMG_5856-244x300.jpg 244w, https:\/\/www.4knoepfchen.at\/wp-content\/uploads\/2022\/04\/IMG_5856-768x943.jpg 768w, https:\/\/www.4knoepfchen.at\/wp-content\/uploads\/2022\/04\/IMG_5856-1251x1536.jpg 1251w, https:\/\/www.4knoepfchen.at\/wp-content\/uploads\/2022\/04\/IMG_5856-1668x2048.jpg 1668w\" sizes=\"auto, (max-width: 706px) 89vw, (max-width: 767px) 82vw, 740px\" \/><\/figure>\n\n\n\n<figure class=\"wp-block-image size-large\"><img loading=\"lazy\" decoding=\"async\" width=\"768\" height=\"1024\" data-id=\"2243\" src=\"https:\/\/www.4knoepfchen.at\/wp-content\/uploads\/2023\/04\/IMG_9959-768x1024.jpeg\" alt=\"\" class=\"wp-image-2243\" srcset=\"https:\/\/www.4knoepfchen.at\/wp-content\/uploads\/2023\/04\/IMG_9959-768x1024.jpeg 768w, https:\/\/www.4knoepfchen.at\/wp-content\/uploads\/2023\/04\/IMG_9959-225x300.jpeg 225w, https:\/\/www.4knoepfchen.at\/wp-content\/uploads\/2023\/04\/IMG_9959-1152x1536.jpeg 1152w, https:\/\/www.4knoepfchen.at\/wp-content\/uploads\/2023\/04\/IMG_9959-1536x2048.jpeg 1536w, https:\/\/www.4knoepfchen.at\/wp-content\/uploads\/2023\/04\/IMG_9959-scaled.jpeg 1920w\" sizes=\"auto, (max-width: 706px) 89vw, (max-width: 767px) 82vw, 740px\" \/><\/figure>\n\n\n\n<figure class=\"wp-block-image size-large\"><img loading=\"lazy\" decoding=\"async\" width=\"768\" height=\"1024\" data-id=\"2242\" src=\"https:\/\/www.4knoepfchen.at\/wp-content\/uploads\/2023\/04\/IMG_0028-768x1024.jpeg\" alt=\"\" class=\"wp-image-2242\" srcset=\"https:\/\/www.4knoepfchen.at\/wp-content\/uploads\/2023\/04\/IMG_0028-768x1024.jpeg 768w, https:\/\/www.4knoepfchen.at\/wp-content\/uploads\/2023\/04\/IMG_0028-225x300.jpeg 225w, https:\/\/www.4knoepfchen.at\/wp-content\/uploads\/2023\/04\/IMG_0028-1152x1536.jpeg 1152w, https:\/\/www.4knoepfchen.at\/wp-content\/uploads\/2023\/04\/IMG_0028-1536x2048.jpeg 1536w, https:\/\/www.4knoepfchen.at\/wp-content\/uploads\/2023\/04\/IMG_0028-scaled.jpeg 1920w\" sizes=\"auto, (max-width: 706px) 89vw, (max-width: 767px) 82vw, 740px\" \/><\/figure>\n<\/figure>\n\n\n\n<figure class=\"wp-block-gallery has-nested-images columns-default is-cropped wp-block-gallery-2 is-layout-flex wp-block-gallery-is-layout-flex\">\n<figure class=\"wp-block-image size-large\"><img loading=\"lazy\" decoding=\"async\" width=\"1024\" height=\"768\" data-id=\"598\" src=\"https:\/\/www.4knoepfchen.at\/wp-content\/uploads\/2019\/11\/IMG_E5108-1024x768.jpg\" alt=\"\" class=\"wp-image-598\" srcset=\"https:\/\/www.4knoepfchen.at\/wp-content\/uploads\/2019\/11\/IMG_E5108-1024x768.jpg 1024w, https:\/\/www.4knoepfchen.at\/wp-content\/uploads\/2019\/11\/IMG_E5108-300x225.jpg 300w, https:\/\/www.4knoepfchen.at\/wp-content\/uploads\/2019\/11\/IMG_E5108-768x576.jpg 768w\" sizes=\"auto, (max-width: 706px) 89vw, (max-width: 767px) 82vw, 740px\" \/><\/figure>\n\n\n\n<figure class=\"wp-block-image size-large\"><img loading=\"lazy\" decoding=\"async\" width=\"1024\" height=\"768\" data-id=\"599\" src=\"https:\/\/www.4knoepfchen.at\/wp-content\/uploads\/2019\/11\/IMG_E5113-1024x768.jpg\" alt=\"\" class=\"wp-image-599\" srcset=\"https:\/\/www.4knoepfchen.at\/wp-content\/uploads\/2019\/11\/IMG_E5113-1024x768.jpg 1024w, https:\/\/www.4knoepfchen.at\/wp-content\/uploads\/2019\/11\/IMG_E5113-300x225.jpg 300w, https:\/\/www.4knoepfchen.at\/wp-content\/uploads\/2019\/11\/IMG_E5113-768x576.jpg 768w\" sizes=\"auto, (max-width: 706px) 89vw, (max-width: 767px) 82vw, 740px\" \/><\/figure>\n\n\n\n<figure class=\"wp-block-image size-large\"><img loading=\"lazy\" decoding=\"async\" width=\"1024\" height=\"768\" data-id=\"537\" src=\"https:\/\/www.4knoepfchen.at\/wp-content\/uploads\/2019\/06\/IMG_4628-e1611602214638-1024x768.jpg\" alt=\"\" class=\"wp-image-537\" srcset=\"https:\/\/www.4knoepfchen.at\/wp-content\/uploads\/2019\/06\/IMG_4628-e1611602214638-1024x768.jpg 1024w, https:\/\/www.4knoepfchen.at\/wp-content\/uploads\/2019\/06\/IMG_4628-e1611602214638-300x225.jpg 300w, https:\/\/www.4knoepfchen.at\/wp-content\/uploads\/2019\/06\/IMG_4628-e1611602214638-768x576.jpg 768w, https:\/\/www.4knoepfchen.at\/wp-content\/uploads\/2019\/06\/IMG_4628-e1611602214638-1536x1152.jpg 1536w, https:\/\/www.4knoepfchen.at\/wp-content\/uploads\/2019\/06\/IMG_4628-e1611602214638-2048x1536.jpg 2048w\" sizes=\"auto, (max-width: 706px) 89vw, (max-width: 767px) 82vw, 740px\" \/><\/figure>\n<\/figure>\n\n\n\n<figure class=\"wp-block-gallery has-nested-images columns-2 is-cropped wp-block-gallery-3 is-layout-flex wp-block-gallery-is-layout-flex\">\n<figure class=\"wp-block-image size-large\"><img loading=\"lazy\" decoding=\"async\" width=\"1024\" height=\"768\" data-id=\"601\" src=\"https:\/\/www.4knoepfchen.at\/wp-content\/uploads\/2019\/11\/IMG_E5122-e1611602428863-1024x768.jpg\" alt=\"\" class=\"wp-image-601\" srcset=\"https:\/\/www.4knoepfchen.at\/wp-content\/uploads\/2019\/11\/IMG_E5122-e1611602428863-1024x768.jpg 1024w, https:\/\/www.4knoepfchen.at\/wp-content\/uploads\/2019\/11\/IMG_E5122-e1611602428863-300x225.jpg 300w, https:\/\/www.4knoepfchen.at\/wp-content\/uploads\/2019\/11\/IMG_E5122-e1611602428863-768x576.jpg 768w, https:\/\/www.4knoepfchen.at\/wp-content\/uploads\/2019\/11\/IMG_E5122-e1611602428863-1536x1152.jpg 1536w, https:\/\/www.4knoepfchen.at\/wp-content\/uploads\/2019\/11\/IMG_E5122-e1611602428863-2048x1536.jpg 2048w\" sizes=\"auto, (max-width: 706px) 89vw, (max-width: 767px) 82vw, 740px\" \/><\/figure>\n\n\n\n<figure class=\"wp-block-image size-large\"><img loading=\"lazy\" decoding=\"async\" width=\"1024\" height=\"767\" data-id=\"600\" src=\"https:\/\/www.4knoepfchen.at\/wp-content\/uploads\/2019\/11\/IMG_E5121-e1611602460419-1024x767.jpg\" alt=\"\" class=\"wp-image-600\" srcset=\"https:\/\/www.4knoepfchen.at\/wp-content\/uploads\/2019\/11\/IMG_E5121-e1611602460419-1024x767.jpg 1024w, https:\/\/www.4knoepfchen.at\/wp-content\/uploads\/2019\/11\/IMG_E5121-e1611602460419-300x225.jpg 300w, https:\/\/www.4knoepfchen.at\/wp-content\/uploads\/2019\/11\/IMG_E5121-e1611602460419-768x575.jpg 768w, https:\/\/www.4knoepfchen.at\/wp-content\/uploads\/2019\/11\/IMG_E5121-e1611602460419-1536x1151.jpg 1536w, https:\/\/www.4knoepfchen.at\/wp-content\/uploads\/2019\/11\/IMG_E5121-e1611602460419-2048x1534.jpg 2048w\" sizes=\"auto, (max-width: 706px) 89vw, (max-width: 767px) 82vw, 740px\" \/><\/figure>\n\n\n\n<figure class=\"wp-block-image size-large\"><img loading=\"lazy\" decoding=\"async\" width=\"768\" height=\"1024\" data-id=\"540\" src=\"https:\/\/www.4knoepfchen.at\/wp-content\/uploads\/2019\/06\/IMG_4632-e1561904746440-768x1024.jpg\" alt=\"\" class=\"wp-image-540\" srcset=\"https:\/\/www.4knoepfchen.at\/wp-content\/uploads\/2019\/06\/IMG_4632-e1561904746440-768x1024.jpg 768w, https:\/\/www.4knoepfchen.at\/wp-content\/uploads\/2019\/06\/IMG_4632-e1561904746440-225x300.jpg 225w\" sizes=\"auto, (max-width: 706px) 89vw, (max-width: 767px) 82vw, 740px\" \/><\/figure>\n<figcaption class=\"blocks-gallery-caption wp-element-caption\">Gerne individuell und pers\u00f6nlich bestickt. <\/figcaption><\/figure>\n\n\n\n<h2 class=\"wp-block-heading\">KRABBELDECKE to go<\/h2>\n\n\n\n<p>Die kleine Patchworkkrabbeldecke zum Mitnehmen.<\/p>\n\n\n\n<p>Die Gr\u00f6\u00dfe ist 85cm x 85cm, aus 100% Baumwolle, mit einer d\u00fcnneren Wattierung, l\u00e4sst sich ganz praktisch klein zusammenfalten und in der Tasche verstauen. Ebenso wie die gro\u00dfe Krabbeldecke l\u00e4sst sich die kleine nat\u00fcrlich auch individuell besticken, ganz nach deinem Wunsch. \u20ac 55.- (Preis ohne Bestickung)<\/p>\n\n\n\n<figure class=\"wp-block-gallery has-nested-images columns-default is-cropped wp-block-gallery-4 is-layout-flex wp-block-gallery-is-layout-flex\">\n<figure class=\"wp-block-image size-large\"><img loading=\"lazy\" decoding=\"async\" width=\"768\" height=\"1024\" data-id=\"762\" src=\"https:\/\/www.4knoepfchen.at\/wp-content\/uploads\/2021\/01\/IMG_2155-768x1024.jpg\" alt=\"\" class=\"wp-image-762\" srcset=\"https:\/\/www.4knoepfchen.at\/wp-content\/uploads\/2021\/01\/IMG_2155-768x1024.jpg 768w, https:\/\/www.4knoepfchen.at\/wp-content\/uploads\/2021\/01\/IMG_2155-225x300.jpg 225w, https:\/\/www.4knoepfchen.at\/wp-content\/uploads\/2021\/01\/IMG_2155-1152x1536.jpg 1152w, https:\/\/www.4knoepfchen.at\/wp-content\/uploads\/2021\/01\/IMG_2155-1536x2048.jpg 1536w, https:\/\/www.4knoepfchen.at\/wp-content\/uploads\/2021\/01\/IMG_2155-scaled.jpg 1920w\" sizes=\"auto, (max-width: 706px) 89vw, (max-width: 767px) 82vw, 740px\" \/><\/figure>\n\n\n\n<figure class=\"wp-block-image size-large\"><img loading=\"lazy\" decoding=\"async\" width=\"683\" height=\"1024\" data-id=\"486\" src=\"https:\/\/www.4knoepfchen.at\/wp-content\/uploads\/2018\/09\/DSC_0306-e1538302492788-683x1024.jpg\" alt=\"\" class=\"wp-image-486\" srcset=\"https:\/\/www.4knoepfchen.at\/wp-content\/uploads\/2018\/09\/DSC_0306-e1538302492788-683x1024.jpg 683w, https:\/\/www.4knoepfchen.at\/wp-content\/uploads\/2018\/09\/DSC_0306-e1538302492788-200x300.jpg 200w, https:\/\/www.4knoepfchen.at\/wp-content\/uploads\/2018\/09\/DSC_0306-e1538302492788-768x1152.jpg 768w\" sizes=\"auto, (max-width: 683px) 100vw, 683px\" \/><\/figure>\n\n\n\n<figure class=\"wp-block-image size-large\"><img loading=\"lazy\" decoding=\"async\" width=\"768\" height=\"1024\" data-id=\"271\" src=\"https:\/\/www.4knoepfchen.at\/wp-content\/uploads\/2018\/02\/20170827_183512-768x1024.jpg\" alt=\"\" class=\"wp-image-271\" srcset=\"https:\/\/www.4knoepfchen.at\/wp-content\/uploads\/2018\/02\/20170827_183512-768x1024.jpg 768w, https:\/\/www.4knoepfchen.at\/wp-content\/uploads\/2018\/02\/20170827_183512-225x300.jpg 225w\" sizes=\"auto, (max-width: 706px) 89vw, (max-width: 767px) 82vw, 740px\" \/><\/figure>\n<\/figure>\n\n\n\n<p><\/p>\n","protected":false},"excerpt":{"rendered":"<p>Die klassische Patchworkkrabbeldecke in der Gr\u00f6\u00dfe 110cm x 110cm, aus 100% Baumwolle, mit einer etwas dickeren Wattierung. Gerne individuell bestickt mit deinem Wunschmotiv, und\/oder Namen und Geburtsdatum, Gewicht &amp; Gr\u00f6\u00dfe. \u20ac75.- (Preis ohne Bestickung) KRABBELDECKE to go Die kleine Patchworkkrabbeldecke zum Mitnehmen. Die Gr\u00f6\u00dfe ist 85cm x 85cm, aus 100% Baumwolle, mit einer d\u00fcnneren Wattierung, &hellip; <\/p>\n<p class=\"link-more\"><a href=\"https:\/\/www.4knoepfchen.at\/?page_id=832\" class=\"more-link\"><span class=\"screen-reader-text\">\u201eKRABBELDECKE\u201c <\/span>weiterlesen<\/a><\/p>\n","protected":false},"author":1,"featured_media":0,"parent":174,"menu_order":2,"comment_status":"closed","ping_status":"closed","template":"","meta":{"footnotes":""},"class_list":["post-832","page","type-page","status-publish","hentry"],"_links":{"self":[{"href":"https:\/\/www.4knoepfchen.at\/index.php?rest_route=\/wp\/v2\/pages\/832","targetHints":{"allow":["GET"]}}],"collection":[{"href":"https:\/\/www.4knoepfchen.at\/index.php?rest_route=\/wp\/v2\/pages"}],"about":[{"href":"https:\/\/www.4knoepfchen.at\/index.php?rest_route=\/wp\/v2\/types\/page"}],"author":[{"embeddable":true,"href":"https:\/\/www.4knoepfchen.at\/index.php?rest_route=\/wp\/v2\/users\/1"}],"replies":[{"embeddable":true,"href":"https:\/\/www.4knoepfchen.at\/index.php?rest_route=%2Fwp%2Fv2%2Fcomments&post=832"}],"version-history":[{"count":21,"href":"https:\/\/www.4knoepfchen.at\/index.php?rest_route=\/wp\/v2\/pages\/832\/revisions"}],"predecessor-version":[{"id":3032,"href":"https:\/\/www.4knoepfchen.at\/index.php?rest_route=\/wp\/v2\/pages\/832\/revisions\/3032"}],"up":[{"embeddable":true,"href":"https:\/\/www.4knoepfchen.at\/index.php?rest_route=\/wp\/v2\/pages\/174"}],"wp:attachment":[{"href":"https:\/\/www.4knoepfchen.at\/index.php?rest_route=%2Fwp%2Fv2%2Fmedia&parent=832"}],"curies":[{"name":"wp","href":"https:\/\/api.w.org\/{rel}","templated":true}]}}