{"id":861,"date":"2021-01-27T15:01:11","date_gmt":"2021-01-27T15:01:11","guid":{"rendered":"https:\/\/www.4knoepfchen.at\/?page_id=861"},"modified":"2025-05-13T09:19:06","modified_gmt":"2025-05-13T09:19:06","slug":"poelster","status":"publish","type":"page","link":"https:\/\/www.4knoepfchen.at\/?page_id=861","title":{"rendered":"POLSTER"},"content":{"rendered":"\n<p>Ein liebes Willkommensgeschenk f\u00fcr neue Erdenb\u00fcrger, Geschenk zur Taufe, Mitbringsel,&#8230;<\/p>\n\n\n\n<h2 class=\"wp-block-heading\">POLSTER<\/h2>\n\n\n\n<p>aus 100% Baumwolle, F\u00fcllung 100% PES, ca 45x45cm, gerne ganz nach deinen W\u00fcnschen bestickt, je nach Ausf\u00fchrung ab \u20ac45.-<\/p>\n\n\n\n<figure class=\"wp-block-gallery has-nested-images columns-2 is-cropped wp-block-gallery-1 is-layout-flex wp-block-gallery-is-layout-flex\">\n<figure class=\"wp-block-image size-large\"><img loading=\"lazy\" decoding=\"async\" width=\"2560\" height=\"2158\" data-id=\"1974\" src=\"https:\/\/www.4knoepfchen.at\/wp-content\/uploads\/2022\/06\/IMG_2210-scaled.jpeg\" alt=\"\" class=\"wp-image-1974\" srcset=\"https:\/\/www.4knoepfchen.at\/wp-content\/uploads\/2022\/06\/IMG_2210-scaled.jpeg 2560w, https:\/\/www.4knoepfchen.at\/wp-content\/uploads\/2022\/06\/IMG_2210-300x253.jpeg 300w, https:\/\/www.4knoepfchen.at\/wp-content\/uploads\/2022\/06\/IMG_2210-1024x863.jpeg 1024w, https:\/\/www.4knoepfchen.at\/wp-content\/uploads\/2022\/06\/IMG_2210-768x647.jpeg 768w, https:\/\/www.4knoepfchen.at\/wp-content\/uploads\/2022\/06\/IMG_2210-1536x1295.jpeg 1536w, https:\/\/www.4knoepfchen.at\/wp-content\/uploads\/2022\/06\/IMG_2210-2048x1726.jpeg 2048w\" sizes=\"auto, (max-width: 706px) 89vw, (max-width: 767px) 82vw, 740px\" \/><\/figure>\n\n\n\n<figure class=\"wp-block-image size-large\"><img loading=\"lazy\" decoding=\"async\" width=\"768\" height=\"1024\" data-id=\"2233\" src=\"https:\/\/www.4knoepfchen.at\/wp-content\/uploads\/2023\/04\/IMG_8250-768x1024.jpeg\" alt=\"\" class=\"wp-image-2233\" srcset=\"https:\/\/www.4knoepfchen.at\/wp-content\/uploads\/2023\/04\/IMG_8250-768x1024.jpeg 768w, https:\/\/www.4knoepfchen.at\/wp-content\/uploads\/2023\/04\/IMG_8250-225x300.jpeg 225w, https:\/\/www.4knoepfchen.at\/wp-content\/uploads\/2023\/04\/IMG_8250-1152x1536.jpeg 1152w, https:\/\/www.4knoepfchen.at\/wp-content\/uploads\/2023\/04\/IMG_8250-1536x2048.jpeg 1536w, https:\/\/www.4knoepfchen.at\/wp-content\/uploads\/2023\/04\/IMG_8250-scaled.jpeg 1920w\" sizes=\"auto, (max-width: 706px) 89vw, (max-width: 767px) 82vw, 740px\" \/><\/figure>\n\n\n\n<figure class=\"wp-block-image size-large\"><img loading=\"lazy\" decoding=\"async\" width=\"1006\" height=\"1024\" data-id=\"1441\" src=\"https:\/\/www.4knoepfchen.at\/wp-content\/uploads\/2021\/10\/IMG_7520-1006x1024.jpeg\" alt=\"\" class=\"wp-image-1441\" srcset=\"https:\/\/www.4knoepfchen.at\/wp-content\/uploads\/2021\/10\/IMG_7520-1006x1024.jpeg 1006w, https:\/\/www.4knoepfchen.at\/wp-content\/uploads\/2021\/10\/IMG_7520-295x300.jpeg 295w, https:\/\/www.4knoepfchen.at\/wp-content\/uploads\/2021\/10\/IMG_7520-768x782.jpeg 768w, https:\/\/www.4knoepfchen.at\/wp-content\/uploads\/2021\/10\/IMG_7520-1509x1536.jpeg 1509w, https:\/\/www.4knoepfchen.at\/wp-content\/uploads\/2021\/10\/IMG_7520-2012x2048.jpeg 2012w\" sizes=\"auto, (max-width: 706px) 89vw, (max-width: 767px) 82vw, 740px\" \/><\/figure>\n\n\n\n<figure class=\"wp-block-image size-large\"><img loading=\"lazy\" decoding=\"async\" width=\"1024\" height=\"1024\" data-id=\"1913\" src=\"https:\/\/www.4knoepfchen.at\/wp-content\/uploads\/2022\/04\/FC1381C4-0A14-4239-BE94-A73A5942E261-1024x1024.jpg\" alt=\"\" class=\"wp-image-1913\" srcset=\"https:\/\/www.4knoepfchen.at\/wp-content\/uploads\/2022\/04\/FC1381C4-0A14-4239-BE94-A73A5942E261-1024x1024.jpg 1024w, https:\/\/www.4knoepfchen.at\/wp-content\/uploads\/2022\/04\/FC1381C4-0A14-4239-BE94-A73A5942E261-300x300.jpg 300w, https:\/\/www.4knoepfchen.at\/wp-content\/uploads\/2022\/04\/FC1381C4-0A14-4239-BE94-A73A5942E261-150x150.jpg 150w, https:\/\/www.4knoepfchen.at\/wp-content\/uploads\/2022\/04\/FC1381C4-0A14-4239-BE94-A73A5942E261-768x768.jpg 768w, https:\/\/www.4knoepfchen.at\/wp-content\/uploads\/2022\/04\/FC1381C4-0A14-4239-BE94-A73A5942E261-100x100.jpg 100w, https:\/\/www.4knoepfchen.at\/wp-content\/uploads\/2022\/04\/FC1381C4-0A14-4239-BE94-A73A5942E261.jpg 1440w\" sizes=\"auto, (max-width: 706px) 89vw, (max-width: 767px) 82vw, 740px\" \/><\/figure>\n\n\n\n<figure class=\"wp-block-image size-large\"><img loading=\"lazy\" decoding=\"async\" width=\"1024\" height=\"841\" data-id=\"1141\" src=\"https:\/\/www.4knoepfchen.at\/wp-content\/uploads\/2021\/03\/8ADD8FD8-5C37-47D4-B867-850DEA320074-1024x841.jpeg\" alt=\"\" class=\"wp-image-1141\" srcset=\"https:\/\/www.4knoepfchen.at\/wp-content\/uploads\/2021\/03\/8ADD8FD8-5C37-47D4-B867-850DEA320074-1024x841.jpeg 1024w, https:\/\/www.4knoepfchen.at\/wp-content\/uploads\/2021\/03\/8ADD8FD8-5C37-47D4-B867-850DEA320074-300x246.jpeg 300w, https:\/\/www.4knoepfchen.at\/wp-content\/uploads\/2021\/03\/8ADD8FD8-5C37-47D4-B867-850DEA320074-768x631.jpeg 768w, https:\/\/www.4knoepfchen.at\/wp-content\/uploads\/2021\/03\/8ADD8FD8-5C37-47D4-B867-850DEA320074-1536x1262.jpeg 1536w, https:\/\/www.4knoepfchen.at\/wp-content\/uploads\/2021\/03\/8ADD8FD8-5C37-47D4-B867-850DEA320074-2048x1682.jpeg 2048w\" sizes=\"auto, (max-width: 706px) 89vw, (max-width: 767px) 82vw, 740px\" \/><\/figure>\n\n\n\n<figure class=\"wp-block-image size-large\"><img loading=\"lazy\" decoding=\"async\" width=\"1024\" height=\"768\" data-id=\"1971\" src=\"https:\/\/www.4knoepfchen.at\/wp-content\/uploads\/2022\/06\/IMG_2316-1024x768.jpeg\" alt=\"\" class=\"wp-image-1971\" srcset=\"https:\/\/www.4knoepfchen.at\/wp-content\/uploads\/2022\/06\/IMG_2316-1024x768.jpeg 1024w, https:\/\/www.4knoepfchen.at\/wp-content\/uploads\/2022\/06\/IMG_2316-300x225.jpeg 300w, https:\/\/www.4knoepfchen.at\/wp-content\/uploads\/2022\/06\/IMG_2316-768x576.jpeg 768w, https:\/\/www.4knoepfchen.at\/wp-content\/uploads\/2022\/06\/IMG_2316-1536x1152.jpeg 1536w, https:\/\/www.4knoepfchen.at\/wp-content\/uploads\/2022\/06\/IMG_2316-2048x1536.jpeg 2048w\" sizes=\"auto, (max-width: 706px) 89vw, (max-width: 767px) 82vw, 740px\" \/><\/figure>\n\n\n\n<figure class=\"wp-block-image size-large\"><img loading=\"lazy\" decoding=\"async\" width=\"768\" height=\"1024\" data-id=\"534\" src=\"https:\/\/www.4knoepfchen.at\/wp-content\/uploads\/2019\/06\/IMG_4466-e1561904411330-768x1024.jpg\" alt=\"\" class=\"wp-image-534\" srcset=\"https:\/\/www.4knoepfchen.at\/wp-content\/uploads\/2019\/06\/IMG_4466-e1561904411330-768x1024.jpg 768w, https:\/\/www.4knoepfchen.at\/wp-content\/uploads\/2019\/06\/IMG_4466-e1561904411330-225x300.jpg 225w\" sizes=\"auto, (max-width: 706px) 89vw, (max-width: 767px) 82vw, 740px\" \/><\/figure>\n\n\n\n<figure class=\"wp-block-image size-large\"><img decoding=\"async\" data-id=\"1972\" src=\"https:\/\/www.4knoepfchen.at\/wp-content\/uploads\/2022\/06\/IMG_2336.jpeg\" alt=\"\" class=\"wp-image-1972\"\/><\/figure>\n\n\n\n<figure class=\"wp-block-image size-large\"><img loading=\"lazy\" decoding=\"async\" width=\"1024\" height=\"641\" data-id=\"2104\" src=\"https:\/\/www.4knoepfchen.at\/wp-content\/uploads\/2023\/01\/IMG_7590-1024x641.jpeg\" alt=\"\" class=\"wp-image-2104\" srcset=\"https:\/\/www.4knoepfchen.at\/wp-content\/uploads\/2023\/01\/IMG_7590-1024x641.jpeg 1024w, https:\/\/www.4knoepfchen.at\/wp-content\/uploads\/2023\/01\/IMG_7590-300x188.jpeg 300w, https:\/\/www.4knoepfchen.at\/wp-content\/uploads\/2023\/01\/IMG_7590-768x480.jpeg 768w, https:\/\/www.4knoepfchen.at\/wp-content\/uploads\/2023\/01\/IMG_7590-1536x961.jpeg 1536w, https:\/\/www.4knoepfchen.at\/wp-content\/uploads\/2023\/01\/IMG_7590-2048x1281.jpeg 2048w\" sizes=\"auto, (max-width: 706px) 89vw, (max-width: 767px) 82vw, 740px\" \/><\/figure>\n<\/figure>\n\n\n\n<figure class=\"wp-block-gallery has-nested-images columns-4 is-cropped wp-block-gallery-2 is-layout-flex wp-block-gallery-is-layout-flex\">\n<figure class=\"wp-block-image size-large\"><img loading=\"lazy\" decoding=\"async\" width=\"1024\" height=\"870\" data-id=\"2188\" src=\"https:\/\/www.4knoepfchen.at\/wp-content\/uploads\/2023\/04\/IMG_2163-1024x870.jpg\" alt=\"\" class=\"wp-image-2188\" srcset=\"https:\/\/www.4knoepfchen.at\/wp-content\/uploads\/2023\/04\/IMG_2163-1024x870.jpg 1024w, https:\/\/www.4knoepfchen.at\/wp-content\/uploads\/2023\/04\/IMG_2163-300x255.jpg 300w, https:\/\/www.4knoepfchen.at\/wp-content\/uploads\/2023\/04\/IMG_2163-768x652.jpg 768w, https:\/\/www.4knoepfchen.at\/wp-content\/uploads\/2023\/04\/IMG_2163-1536x1305.jpg 1536w, https:\/\/www.4knoepfchen.at\/wp-content\/uploads\/2023\/04\/IMG_2163-2048x1740.jpg 2048w\" sizes=\"auto, (max-width: 706px) 89vw, (max-width: 767px) 82vw, 740px\" \/><\/figure>\n\n\n\n<figure class=\"wp-block-image size-large\"><img loading=\"lazy\" decoding=\"async\" width=\"1024\" height=\"768\" data-id=\"2185\" src=\"https:\/\/www.4knoepfchen.at\/wp-content\/uploads\/2023\/04\/20180921_142219-1024x768.jpg\" alt=\"\" class=\"wp-image-2185\" srcset=\"https:\/\/www.4knoepfchen.at\/wp-content\/uploads\/2023\/04\/20180921_142219-1024x768.jpg 1024w, https:\/\/www.4knoepfchen.at\/wp-content\/uploads\/2023\/04\/20180921_142219-300x225.jpg 300w, https:\/\/www.4knoepfchen.at\/wp-content\/uploads\/2023\/04\/20180921_142219-768x576.jpg 768w, https:\/\/www.4knoepfchen.at\/wp-content\/uploads\/2023\/04\/20180921_142219-1536x1152.jpg 1536w, https:\/\/www.4knoepfchen.at\/wp-content\/uploads\/2023\/04\/20180921_142219-2048x1536.jpg 2048w\" sizes=\"auto, (max-width: 706px) 89vw, (max-width: 767px) 82vw, 740px\" \/><\/figure>\n\n\n\n<figure class=\"wp-block-image size-large\"><img loading=\"lazy\" decoding=\"async\" width=\"1024\" height=\"768\" data-id=\"2151\" src=\"https:\/\/www.4knoepfchen.at\/wp-content\/uploads\/2023\/01\/IMG_5505-1024x768.jpeg\" alt=\"\" class=\"wp-image-2151\" srcset=\"https:\/\/www.4knoepfchen.at\/wp-content\/uploads\/2023\/01\/IMG_5505-1024x768.jpeg 1024w, https:\/\/www.4knoepfchen.at\/wp-content\/uploads\/2023\/01\/IMG_5505-300x225.jpeg 300w, https:\/\/www.4knoepfchen.at\/wp-content\/uploads\/2023\/01\/IMG_5505-768x576.jpeg 768w, https:\/\/www.4knoepfchen.at\/wp-content\/uploads\/2023\/01\/IMG_5505-1536x1152.jpeg 1536w, https:\/\/www.4knoepfchen.at\/wp-content\/uploads\/2023\/01\/IMG_5505-2048x1536.jpeg 2048w\" sizes=\"auto, (max-width: 706px) 89vw, (max-width: 767px) 82vw, 740px\" \/><\/figure>\n\n\n\n<figure class=\"wp-block-image size-large\"><img loading=\"lazy\" decoding=\"async\" width=\"825\" height=\"1024\" data-id=\"2181\" src=\"https:\/\/www.4knoepfchen.at\/wp-content\/uploads\/2023\/04\/Screenshot_20180216-150259-825x1024.jpg\" alt=\"\" class=\"wp-image-2181\" srcset=\"https:\/\/www.4knoepfchen.at\/wp-content\/uploads\/2023\/04\/Screenshot_20180216-150259-825x1024.jpg 825w, https:\/\/www.4knoepfchen.at\/wp-content\/uploads\/2023\/04\/Screenshot_20180216-150259-242x300.jpg 242w, https:\/\/www.4knoepfchen.at\/wp-content\/uploads\/2023\/04\/Screenshot_20180216-150259-768x954.jpg 768w, https:\/\/www.4knoepfchen.at\/wp-content\/uploads\/2023\/04\/Screenshot_20180216-150259.jpg 1067w\" sizes=\"auto, (max-width: 706px) 89vw, (max-width: 767px) 82vw, 740px\" \/><\/figure>\n\n\n\n<figure class=\"wp-block-image size-large\"><img loading=\"lazy\" decoding=\"async\" width=\"768\" height=\"1024\" data-id=\"2103\" src=\"https:\/\/www.4knoepfchen.at\/wp-content\/uploads\/2023\/01\/IMG_7455-768x1024.jpeg\" alt=\"\" class=\"wp-image-2103\" srcset=\"https:\/\/www.4knoepfchen.at\/wp-content\/uploads\/2023\/01\/IMG_7455-768x1024.jpeg 768w, https:\/\/www.4knoepfchen.at\/wp-content\/uploads\/2023\/01\/IMG_7455-225x300.jpeg 225w, https:\/\/www.4knoepfchen.at\/wp-content\/uploads\/2023\/01\/IMG_7455-1152x1536.jpeg 1152w, https:\/\/www.4knoepfchen.at\/wp-content\/uploads\/2023\/01\/IMG_7455-1536x2048.jpeg 1536w, https:\/\/www.4knoepfchen.at\/wp-content\/uploads\/2023\/01\/IMG_7455-scaled.jpeg 1920w\" sizes=\"auto, (max-width: 706px) 89vw, (max-width: 767px) 82vw, 740px\" \/><\/figure>\n\n\n\n<figure class=\"wp-block-image size-large\"><img loading=\"lazy\" decoding=\"async\" width=\"768\" height=\"1024\" data-id=\"1009\" src=\"https:\/\/www.4knoepfchen.at\/wp-content\/uploads\/2021\/02\/IMG_3419-768x1024.jpeg\" alt=\"\" class=\"wp-image-1009\" srcset=\"https:\/\/www.4knoepfchen.at\/wp-content\/uploads\/2021\/02\/IMG_3419-768x1024.jpeg 768w, https:\/\/www.4knoepfchen.at\/wp-content\/uploads\/2021\/02\/IMG_3419-225x300.jpeg 225w, https:\/\/www.4knoepfchen.at\/wp-content\/uploads\/2021\/02\/IMG_3419-1152x1536.jpeg 1152w, https:\/\/www.4knoepfchen.at\/wp-content\/uploads\/2021\/02\/IMG_3419-1536x2048.jpeg 1536w, https:\/\/www.4knoepfchen.at\/wp-content\/uploads\/2021\/02\/IMG_3419-scaled.jpeg 1920w\" sizes=\"auto, (max-width: 706px) 89vw, (max-width: 767px) 82vw, 740px\" \/><\/figure>\n\n\n\n<figure class=\"wp-block-image size-large\"><img loading=\"lazy\" decoding=\"async\" width=\"768\" height=\"1024\" data-id=\"1006\" src=\"https:\/\/www.4knoepfchen.at\/wp-content\/uploads\/2021\/02\/IMG_4544-768x1024.jpeg\" alt=\"\" class=\"wp-image-1006\" srcset=\"https:\/\/www.4knoepfchen.at\/wp-content\/uploads\/2021\/02\/IMG_4544-768x1024.jpeg 768w, https:\/\/www.4knoepfchen.at\/wp-content\/uploads\/2021\/02\/IMG_4544-225x300.jpeg 225w, https:\/\/www.4knoepfchen.at\/wp-content\/uploads\/2021\/02\/IMG_4544-1152x1536.jpeg 1152w, https:\/\/www.4knoepfchen.at\/wp-content\/uploads\/2021\/02\/IMG_4544-1536x2048.jpeg 1536w, https:\/\/www.4knoepfchen.at\/wp-content\/uploads\/2021\/02\/IMG_4544-scaled.jpeg 1920w\" sizes=\"auto, (max-width: 706px) 89vw, (max-width: 767px) 82vw, 740px\" \/><\/figure>\n\n\n\n<figure class=\"wp-block-image size-large\"><img loading=\"lazy\" decoding=\"async\" width=\"768\" height=\"1024\" data-id=\"916\" src=\"https:\/\/www.4knoepfchen.at\/wp-content\/uploads\/2021\/01\/IMG_7547-768x1024.jpeg\" alt=\"\" class=\"wp-image-916\" srcset=\"https:\/\/www.4knoepfchen.at\/wp-content\/uploads\/2021\/01\/IMG_7547-768x1024.jpeg 768w, https:\/\/www.4knoepfchen.at\/wp-content\/uploads\/2021\/01\/IMG_7547-225x300.jpeg 225w, https:\/\/www.4knoepfchen.at\/wp-content\/uploads\/2021\/01\/IMG_7547-1152x1536.jpeg 1152w, https:\/\/www.4knoepfchen.at\/wp-content\/uploads\/2021\/01\/IMG_7547-1536x2048.jpeg 1536w, https:\/\/www.4knoepfchen.at\/wp-content\/uploads\/2021\/01\/IMG_7547-scaled.jpeg 1920w\" sizes=\"auto, (max-width: 706px) 89vw, (max-width: 767px) 82vw, 740px\" \/><figcaption class=\"wp-element-caption\">Zum 2. Geburtstag!<\/figcaption><\/figure>\n<\/figure>\n\n\n\n<p><\/p>\n\n\n\n<h2 class=\"wp-block-heading\">LESEKNOCHEN<\/h2>\n\n\n\n<p>aus 100% Baumwolle, F\u00fcllung 100% PES \u20ac 30.-<\/p>\n\n\n\n<figure class=\"wp-block-gallery has-nested-images columns-2 is-cropped wp-block-gallery-3 is-layout-flex wp-block-gallery-is-layout-flex\">\n<figure class=\"wp-block-image size-large\"><img loading=\"lazy\" decoding=\"async\" width=\"1024\" height=\"768\" data-id=\"1063\" src=\"https:\/\/www.4knoepfchen.at\/wp-content\/uploads\/2021\/02\/IMG_9126-1024x768.jpeg\" alt=\"\" class=\"wp-image-1063\" srcset=\"https:\/\/www.4knoepfchen.at\/wp-content\/uploads\/2021\/02\/IMG_9126-1024x768.jpeg 1024w, https:\/\/www.4knoepfchen.at\/wp-content\/uploads\/2021\/02\/IMG_9126-300x225.jpeg 300w, https:\/\/www.4knoepfchen.at\/wp-content\/uploads\/2021\/02\/IMG_9126-768x576.jpeg 768w, https:\/\/www.4knoepfchen.at\/wp-content\/uploads\/2021\/02\/IMG_9126-1536x1152.jpeg 1536w, https:\/\/www.4knoepfchen.at\/wp-content\/uploads\/2021\/02\/IMG_9126-2048x1536.jpeg 2048w\" sizes=\"auto, (max-width: 706px) 89vw, (max-width: 767px) 82vw, 740px\" \/><\/figure>\n\n\n\n<figure class=\"wp-block-image size-large\"><img loading=\"lazy\" decoding=\"async\" width=\"1024\" height=\"768\" data-id=\"3016\" src=\"https:\/\/www.4knoepfchen.at\/wp-content\/uploads\/2023\/12\/IMG_4615-1024x768.jpeg\" alt=\"\" class=\"wp-image-3016\" srcset=\"https:\/\/www.4knoepfchen.at\/wp-content\/uploads\/2023\/12\/IMG_4615-1024x768.jpeg 1024w, https:\/\/www.4knoepfchen.at\/wp-content\/uploads\/2023\/12\/IMG_4615-300x225.jpeg 300w, https:\/\/www.4knoepfchen.at\/wp-content\/uploads\/2023\/12\/IMG_4615-768x576.jpeg 768w, https:\/\/www.4knoepfchen.at\/wp-content\/uploads\/2023\/12\/IMG_4615-1536x1152.jpeg 1536w, https:\/\/www.4knoepfchen.at\/wp-content\/uploads\/2023\/12\/IMG_4615-2048x1536.jpeg 2048w\" sizes=\"auto, (max-width: 706px) 89vw, (max-width: 767px) 82vw, 740px\" \/><\/figure>\n\n\n\n<figure class=\"wp-block-image size-large\"><img loading=\"lazy\" decoding=\"async\" width=\"1024\" height=\"768\" data-id=\"1062\" src=\"https:\/\/www.4knoepfchen.at\/wp-content\/uploads\/2021\/02\/IMG_0131-1024x768.jpeg\" alt=\"\" class=\"wp-image-1062\" srcset=\"https:\/\/www.4knoepfchen.at\/wp-content\/uploads\/2021\/02\/IMG_0131-1024x768.jpeg 1024w, https:\/\/www.4knoepfchen.at\/wp-content\/uploads\/2021\/02\/IMG_0131-300x225.jpeg 300w, https:\/\/www.4knoepfchen.at\/wp-content\/uploads\/2021\/02\/IMG_0131-768x576.jpeg 768w, https:\/\/www.4knoepfchen.at\/wp-content\/uploads\/2021\/02\/IMG_0131-1536x1152.jpeg 1536w, https:\/\/www.4knoepfchen.at\/wp-content\/uploads\/2021\/02\/IMG_0131-2048x1536.jpeg 2048w\" sizes=\"auto, (max-width: 706px) 89vw, (max-width: 767px) 82vw, 740px\" \/><\/figure>\n\n\n\n<figure class=\"wp-block-image size-large\"><img loading=\"lazy\" decoding=\"async\" width=\"1024\" height=\"768\" data-id=\"2113\" src=\"https:\/\/www.4knoepfchen.at\/wp-content\/uploads\/2023\/01\/IMG_7425-1024x768.jpeg\" alt=\"\" class=\"wp-image-2113\" srcset=\"https:\/\/www.4knoepfchen.at\/wp-content\/uploads\/2023\/01\/IMG_7425-1024x768.jpeg 1024w, https:\/\/www.4knoepfchen.at\/wp-content\/uploads\/2023\/01\/IMG_7425-300x225.jpeg 300w, https:\/\/www.4knoepfchen.at\/wp-content\/uploads\/2023\/01\/IMG_7425-768x576.jpeg 768w, https:\/\/www.4knoepfchen.at\/wp-content\/uploads\/2023\/01\/IMG_7425-1536x1152.jpeg 1536w, https:\/\/www.4knoepfchen.at\/wp-content\/uploads\/2023\/01\/IMG_7425-2048x1536.jpeg 2048w\" sizes=\"auto, (max-width: 706px) 89vw, (max-width: 767px) 82vw, 740px\" \/><\/figure>\n<figcaption class=\"blocks-gallery-caption wp-element-caption\"><br><\/figcaption><\/figure>\n\n\n\n<p><\/p>\n","protected":false},"excerpt":{"rendered":"<p>Ein liebes Willkommensgeschenk f\u00fcr neue Erdenb\u00fcrger, Geschenk zur Taufe, Mitbringsel,&#8230; POLSTER aus 100% Baumwolle, F\u00fcllung 100% PES, ca 45x45cm, gerne ganz nach deinen W\u00fcnschen bestickt, je nach Ausf\u00fchrung ab \u20ac45.- LESEKNOCHEN aus 100% Baumwolle, F\u00fcllung 100% PES \u20ac 30.-<\/p>\n","protected":false},"author":1,"featured_media":0,"parent":181,"menu_order":2,"comment_status":"closed","ping_status":"closed","template":"","meta":{"footnotes":""},"class_list":["post-861","page","type-page","status-publish","hentry"],"_links":{"self":[{"href":"https:\/\/www.4knoepfchen.at\/index.php?rest_route=\/wp\/v2\/pages\/861","targetHints":{"allow":["GET"]}}],"collection":[{"href":"https:\/\/www.4knoepfchen.at\/index.php?rest_route=\/wp\/v2\/pages"}],"about":[{"href":"https:\/\/www.4knoepfchen.at\/index.php?rest_route=\/wp\/v2\/types\/page"}],"author":[{"embeddable":true,"href":"https:\/\/www.4knoepfchen.at\/index.php?rest_route=\/wp\/v2\/users\/1"}],"replies":[{"embeddable":true,"href":"https:\/\/www.4knoepfchen.at\/index.php?rest_route=%2Fwp%2Fv2%2Fcomments&post=861"}],"version-history":[{"count":52,"href":"https:\/\/www.4knoepfchen.at\/index.php?rest_route=\/wp\/v2\/pages\/861\/revisions"}],"predecessor-version":[{"id":3186,"href":"https:\/\/www.4knoepfchen.at\/index.php?rest_route=\/wp\/v2\/pages\/861\/revisions\/3186"}],"up":[{"embeddable":true,"href":"https:\/\/www.4knoepfchen.at\/index.php?rest_route=\/wp\/v2\/pages\/181"}],"wp:attachment":[{"href":"https:\/\/www.4knoepfchen.at\/index.php?rest_route=%2Fwp%2Fv2%2Fmedia&parent=861"}],"curies":[{"name":"wp","href":"https:\/\/api.w.org\/{rel}","templated":true}]}}