{"id":975,"date":"2021-02-07T19:01:06","date_gmt":"2021-02-07T19:01:06","guid":{"rendered":"https:\/\/www.4knoepfchen.at\/?page_id=975"},"modified":"2023-12-28T11:59:26","modified_gmt":"2023-12-28T11:59:26","slug":"mutterkindpasshuellen-windeltaschen-reisepasshuellen","status":"publish","type":"page","link":"https:\/\/www.4knoepfchen.at\/?page_id=975","title":{"rendered":"MUTTERKINDPASSH\u00dcLLE,  WINDELTASCHE &#038; REISEPASSH\u00dcLLE"},"content":{"rendered":"\n<h2 class=\"wp-block-heading\">MUTTERKINDPASSH\u00dcLLE<\/h2>\n\n\n\n<p>aus 100% Baumwolle, innen verst\u00e4rkt mit einer d\u00fcnnen Vlieseline, mit oder ohne Namen bestickt. Je nach Ausf\u00fchrung ab \u20ac 24.-<\/p>\n\n\n\n<figure class=\"wp-block-gallery has-nested-images columns-default is-cropped wp-block-gallery-1 is-layout-flex wp-block-gallery-is-layout-flex\">\n<figure class=\"wp-block-image size-large\"><a href=\"https:\/\/www.4knoepfchen.at\/?page_id=801\"><img loading=\"lazy\" decoding=\"async\" width=\"768\" height=\"1024\" data-id=\"1666\" src=\"https:\/\/www.4knoepfchen.at\/wp-content\/uploads\/2021\/12\/IMG_8639-768x1024.jpeg\" alt=\"\" class=\"wp-image-1666\" srcset=\"https:\/\/www.4knoepfchen.at\/wp-content\/uploads\/2021\/12\/IMG_8639-768x1024.jpeg 768w, https:\/\/www.4knoepfchen.at\/wp-content\/uploads\/2021\/12\/IMG_8639-225x300.jpeg 225w, https:\/\/www.4knoepfchen.at\/wp-content\/uploads\/2021\/12\/IMG_8639-1152x1536.jpeg 1152w, https:\/\/www.4knoepfchen.at\/wp-content\/uploads\/2021\/12\/IMG_8639-1536x2048.jpeg 1536w, https:\/\/www.4knoepfchen.at\/wp-content\/uploads\/2021\/12\/IMG_8639-scaled.jpeg 1920w\" sizes=\"auto, (max-width: 706px) 89vw, (max-width: 767px) 82vw, 740px\" \/><\/a><\/figure>\n\n\n\n<figure class=\"wp-block-image size-large\"><img loading=\"lazy\" decoding=\"async\" width=\"1024\" height=\"768\" data-id=\"3087\" src=\"https:\/\/www.4knoepfchen.at\/wp-content\/uploads\/2023\/12\/IMG_8636-1024x768.jpeg\" alt=\"\" class=\"wp-image-3087\" srcset=\"https:\/\/www.4knoepfchen.at\/wp-content\/uploads\/2023\/12\/IMG_8636-1024x768.jpeg 1024w, https:\/\/www.4knoepfchen.at\/wp-content\/uploads\/2023\/12\/IMG_8636-300x225.jpeg 300w, https:\/\/www.4knoepfchen.at\/wp-content\/uploads\/2023\/12\/IMG_8636-768x576.jpeg 768w, https:\/\/www.4knoepfchen.at\/wp-content\/uploads\/2023\/12\/IMG_8636-1536x1152.jpeg 1536w, https:\/\/www.4knoepfchen.at\/wp-content\/uploads\/2023\/12\/IMG_8636-2048x1536.jpeg 2048w\" sizes=\"auto, (max-width: 706px) 89vw, (max-width: 767px) 82vw, 740px\" \/><\/figure>\n\n\n\n<figure class=\"wp-block-image size-large\"><img loading=\"lazy\" decoding=\"async\" width=\"865\" height=\"1024\" data-id=\"3090\" src=\"https:\/\/www.4knoepfchen.at\/wp-content\/uploads\/2023\/12\/IMG_6626-865x1024.jpeg\" alt=\"\" class=\"wp-image-3090\" srcset=\"https:\/\/www.4knoepfchen.at\/wp-content\/uploads\/2023\/12\/IMG_6626-865x1024.jpeg 865w, https:\/\/www.4knoepfchen.at\/wp-content\/uploads\/2023\/12\/IMG_6626-253x300.jpeg 253w, https:\/\/www.4knoepfchen.at\/wp-content\/uploads\/2023\/12\/IMG_6626-768x909.jpeg 768w, https:\/\/www.4knoepfchen.at\/wp-content\/uploads\/2023\/12\/IMG_6626-1297x1536.jpeg 1297w, https:\/\/www.4knoepfchen.at\/wp-content\/uploads\/2023\/12\/IMG_6626-1730x2048.jpeg 1730w\" sizes=\"auto, (max-width: 706px) 89vw, (max-width: 767px) 82vw, 740px\" \/><\/figure>\n\n\n\n<figure class=\"wp-block-image size-large\"><img loading=\"lazy\" decoding=\"async\" width=\"768\" height=\"1024\" data-id=\"3091\" src=\"https:\/\/www.4knoepfchen.at\/wp-content\/uploads\/2023\/12\/IMG_9724-768x1024.jpeg\" alt=\"\" class=\"wp-image-3091\" srcset=\"https:\/\/www.4knoepfchen.at\/wp-content\/uploads\/2023\/12\/IMG_9724-768x1024.jpeg 768w, https:\/\/www.4knoepfchen.at\/wp-content\/uploads\/2023\/12\/IMG_9724-225x300.jpeg 225w, https:\/\/www.4knoepfchen.at\/wp-content\/uploads\/2023\/12\/IMG_9724-1152x1536.jpeg 1152w, https:\/\/www.4knoepfchen.at\/wp-content\/uploads\/2023\/12\/IMG_9724-1536x2048.jpeg 1536w, https:\/\/www.4knoepfchen.at\/wp-content\/uploads\/2023\/12\/IMG_9724-scaled.jpeg 1920w\" sizes=\"auto, (max-width: 706px) 89vw, (max-width: 767px) 82vw, 740px\" \/><\/figure>\n\n\n\n<figure class=\"wp-block-image size-large\"><img loading=\"lazy\" decoding=\"async\" width=\"768\" height=\"1024\" data-id=\"3089\" src=\"https:\/\/www.4knoepfchen.at\/wp-content\/uploads\/2023\/12\/IMG_9730-768x1024.jpeg\" alt=\"\" class=\"wp-image-3089\" srcset=\"https:\/\/www.4knoepfchen.at\/wp-content\/uploads\/2023\/12\/IMG_9730-768x1024.jpeg 768w, https:\/\/www.4knoepfchen.at\/wp-content\/uploads\/2023\/12\/IMG_9730-225x300.jpeg 225w, https:\/\/www.4knoepfchen.at\/wp-content\/uploads\/2023\/12\/IMG_9730-1152x1536.jpeg 1152w, https:\/\/www.4knoepfchen.at\/wp-content\/uploads\/2023\/12\/IMG_9730-1536x2048.jpeg 1536w, https:\/\/www.4knoepfchen.at\/wp-content\/uploads\/2023\/12\/IMG_9730-scaled.jpeg 1920w\" sizes=\"auto, (max-width: 706px) 89vw, (max-width: 767px) 82vw, 740px\" \/><\/figure>\n\n\n\n<figure class=\"wp-block-image size-large\"><img loading=\"lazy\" decoding=\"async\" width=\"854\" height=\"1024\" data-id=\"3088\" src=\"https:\/\/www.4knoepfchen.at\/wp-content\/uploads\/2023\/12\/IMG_9725-854x1024.jpeg\" alt=\"\" class=\"wp-image-3088\" srcset=\"https:\/\/www.4knoepfchen.at\/wp-content\/uploads\/2023\/12\/IMG_9725-854x1024.jpeg 854w, https:\/\/www.4knoepfchen.at\/wp-content\/uploads\/2023\/12\/IMG_9725-250x300.jpeg 250w, https:\/\/www.4knoepfchen.at\/wp-content\/uploads\/2023\/12\/IMG_9725-768x921.jpeg 768w, https:\/\/www.4knoepfchen.at\/wp-content\/uploads\/2023\/12\/IMG_9725-1281x1536.jpeg 1281w, https:\/\/www.4knoepfchen.at\/wp-content\/uploads\/2023\/12\/IMG_9725-1708x2048.jpeg 1708w\" sizes=\"auto, (max-width: 706px) 89vw, (max-width: 767px) 82vw, 740px\" \/><\/figure>\n\n\n\n<figure class=\"wp-block-image size-large\"><img loading=\"lazy\" decoding=\"async\" width=\"768\" height=\"1024\" data-id=\"997\" src=\"https:\/\/www.4knoepfchen.at\/wp-content\/uploads\/2021\/02\/IMG_8896-768x1024.jpeg\" alt=\"\" class=\"wp-image-997\" srcset=\"https:\/\/www.4knoepfchen.at\/wp-content\/uploads\/2021\/02\/IMG_8896-768x1024.jpeg 768w, https:\/\/www.4knoepfchen.at\/wp-content\/uploads\/2021\/02\/IMG_8896-225x300.jpeg 225w, https:\/\/www.4knoepfchen.at\/wp-content\/uploads\/2021\/02\/IMG_8896-1152x1536.jpeg 1152w, https:\/\/www.4knoepfchen.at\/wp-content\/uploads\/2021\/02\/IMG_8896-1536x2048.jpeg 1536w, https:\/\/www.4knoepfchen.at\/wp-content\/uploads\/2021\/02\/IMG_8896-scaled.jpeg 1920w\" sizes=\"auto, (max-width: 706px) 89vw, (max-width: 767px) 82vw, 740px\" \/><\/figure>\n\n\n\n<figure class=\"wp-block-image size-large\"><img loading=\"lazy\" decoding=\"async\" width=\"768\" height=\"1024\" data-id=\"3086\" src=\"https:\/\/www.4knoepfchen.at\/wp-content\/uploads\/2023\/12\/IMG_5618-768x1024.jpeg\" alt=\"\" class=\"wp-image-3086\" srcset=\"https:\/\/www.4knoepfchen.at\/wp-content\/uploads\/2023\/12\/IMG_5618-768x1024.jpeg 768w, https:\/\/www.4knoepfchen.at\/wp-content\/uploads\/2023\/12\/IMG_5618-225x300.jpeg 225w, https:\/\/www.4knoepfchen.at\/wp-content\/uploads\/2023\/12\/IMG_5618-1152x1536.jpeg 1152w, https:\/\/www.4knoepfchen.at\/wp-content\/uploads\/2023\/12\/IMG_5618-1536x2048.jpeg 1536w, https:\/\/www.4knoepfchen.at\/wp-content\/uploads\/2023\/12\/IMG_5618-scaled.jpeg 1920w\" sizes=\"auto, (max-width: 706px) 89vw, (max-width: 767px) 82vw, 740px\" \/><\/figure>\n\n\n\n<figure class=\"wp-block-image size-large\"><img loading=\"lazy\" decoding=\"async\" width=\"1024\" height=\"768\" data-id=\"3085\" src=\"https:\/\/www.4knoepfchen.at\/wp-content\/uploads\/2023\/12\/IMG_5619-1024x768.jpeg\" alt=\"\" class=\"wp-image-3085\" srcset=\"https:\/\/www.4knoepfchen.at\/wp-content\/uploads\/2023\/12\/IMG_5619-1024x768.jpeg 1024w, https:\/\/www.4knoepfchen.at\/wp-content\/uploads\/2023\/12\/IMG_5619-300x225.jpeg 300w, https:\/\/www.4knoepfchen.at\/wp-content\/uploads\/2023\/12\/IMG_5619-768x576.jpeg 768w, https:\/\/www.4knoepfchen.at\/wp-content\/uploads\/2023\/12\/IMG_5619-1536x1152.jpeg 1536w, https:\/\/www.4knoepfchen.at\/wp-content\/uploads\/2023\/12\/IMG_5619-2048x1536.jpeg 2048w\" sizes=\"auto, (max-width: 706px) 89vw, (max-width: 767px) 82vw, 740px\" \/><\/figure>\n\n\n\n<figure class=\"wp-block-image size-large\"><img loading=\"lazy\" decoding=\"async\" width=\"768\" height=\"1024\" data-id=\"3084\" src=\"https:\/\/www.4knoepfchen.at\/wp-content\/uploads\/2023\/12\/IMG_5617-768x1024.jpeg\" alt=\"\" class=\"wp-image-3084\" srcset=\"https:\/\/www.4knoepfchen.at\/wp-content\/uploads\/2023\/12\/IMG_5617-768x1024.jpeg 768w, https:\/\/www.4knoepfchen.at\/wp-content\/uploads\/2023\/12\/IMG_5617-225x300.jpeg 225w, https:\/\/www.4knoepfchen.at\/wp-content\/uploads\/2023\/12\/IMG_5617-1152x1536.jpeg 1152w, https:\/\/www.4knoepfchen.at\/wp-content\/uploads\/2023\/12\/IMG_5617-1536x2048.jpeg 1536w, https:\/\/www.4knoepfchen.at\/wp-content\/uploads\/2023\/12\/IMG_5617-scaled.jpeg 1920w\" sizes=\"auto, (max-width: 706px) 89vw, (max-width: 767px) 82vw, 740px\" \/><\/figure>\n\n\n\n<figure class=\"wp-block-image size-large\"><img loading=\"lazy\" decoding=\"async\" width=\"768\" height=\"1024\" data-id=\"2313\" src=\"https:\/\/www.4knoepfchen.at\/wp-content\/uploads\/2023\/04\/IMG_9727-768x1024.jpg\" alt=\"\" class=\"wp-image-2313\" srcset=\"https:\/\/www.4knoepfchen.at\/wp-content\/uploads\/2023\/04\/IMG_9727-768x1024.jpg 768w, https:\/\/www.4knoepfchen.at\/wp-content\/uploads\/2023\/04\/IMG_9727-225x300.jpg 225w, https:\/\/www.4knoepfchen.at\/wp-content\/uploads\/2023\/04\/IMG_9727-1152x1536.jpg 1152w, https:\/\/www.4knoepfchen.at\/wp-content\/uploads\/2023\/04\/IMG_9727-1536x2048.jpg 1536w, https:\/\/www.4knoepfchen.at\/wp-content\/uploads\/2023\/04\/IMG_9727-scaled.jpg 1920w\" sizes=\"auto, (max-width: 706px) 89vw, (max-width: 767px) 82vw, 740px\" \/><\/figure>\n\n\n\n<figure class=\"wp-block-image size-large\"><a href=\"https:\/\/www.4knoepfchen.at\/?page_id=801\"><img loading=\"lazy\" decoding=\"async\" width=\"768\" height=\"1024\" data-id=\"573\" src=\"https:\/\/www.4knoepfchen.at\/wp-content\/uploads\/2019\/06\/IMG_4001-e1561910975582-768x1024.jpg\" alt=\"\" class=\"wp-image-573\" srcset=\"https:\/\/www.4knoepfchen.at\/wp-content\/uploads\/2019\/06\/IMG_4001-e1561910975582-768x1024.jpg 768w, https:\/\/www.4knoepfchen.at\/wp-content\/uploads\/2019\/06\/IMG_4001-e1561910975582-225x300.jpg 225w\" sizes=\"auto, (max-width: 706px) 89vw, (max-width: 767px) 82vw, 740px\" \/><\/a><\/figure>\n\n\n\n<figure class=\"wp-block-image size-large\"><img loading=\"lazy\" decoding=\"async\" width=\"768\" height=\"1024\" data-id=\"976\" src=\"https:\/\/www.4knoepfchen.at\/wp-content\/uploads\/2021\/02\/IMG_4333-768x1024.jpeg\" alt=\"\" class=\"wp-image-976\" srcset=\"https:\/\/www.4knoepfchen.at\/wp-content\/uploads\/2021\/02\/IMG_4333-768x1024.jpeg 768w, https:\/\/www.4knoepfchen.at\/wp-content\/uploads\/2021\/02\/IMG_4333-225x300.jpeg 225w, https:\/\/www.4knoepfchen.at\/wp-content\/uploads\/2021\/02\/IMG_4333-1152x1536.jpeg 1152w, https:\/\/www.4knoepfchen.at\/wp-content\/uploads\/2021\/02\/IMG_4333-1536x2048.jpeg 1536w, https:\/\/www.4knoepfchen.at\/wp-content\/uploads\/2021\/02\/IMG_4333-scaled.jpeg 1920w\" sizes=\"auto, (max-width: 706px) 89vw, (max-width: 767px) 82vw, 740px\" \/><\/figure>\n\n\n\n<figure class=\"wp-block-image size-large\"><a href=\"https:\/\/www.4knoepfchen.at\/?page_id=801\"><img loading=\"lazy\" decoding=\"async\" width=\"971\" height=\"1024\" data-id=\"2049\" src=\"https:\/\/www.4knoepfchen.at\/wp-content\/uploads\/2022\/11\/IMG_6546-971x1024.jpeg\" alt=\"\" class=\"wp-image-2049\" srcset=\"https:\/\/www.4knoepfchen.at\/wp-content\/uploads\/2022\/11\/IMG_6546-971x1024.jpeg 971w, https:\/\/www.4knoepfchen.at\/wp-content\/uploads\/2022\/11\/IMG_6546-284x300.jpeg 284w, https:\/\/www.4knoepfchen.at\/wp-content\/uploads\/2022\/11\/IMG_6546-768x810.jpeg 768w, https:\/\/www.4knoepfchen.at\/wp-content\/uploads\/2022\/11\/IMG_6546-1456x1536.jpeg 1456w, https:\/\/www.4knoepfchen.at\/wp-content\/uploads\/2022\/11\/IMG_6546-1941x2048.jpeg 1941w\" sizes=\"auto, (max-width: 706px) 89vw, (max-width: 767px) 82vw, 740px\" \/><\/a><\/figure>\n<\/figure>\n\n\n\n<h2 class=\"wp-block-heading\">WINDELTASCHE<\/h2>\n\n\n\n<p>bietet Platz f\u00fcr ein paar Windeln, Feuchtt\u00fccher, Pflegeprodukte und sonstigen Krimskrams, den man als Mama so braucht;-) Sie l\u00e4sst sich wunderbar in der Handtasche oder im Kinderwagen verstauen.  Sie sind aus 100% Baumwolle gen\u00e4ht, innen mit Vlieseline verst\u00e4rkt, f\u00fcr mehr Stabilit\u00e4t. Je nach Wunsch kann man sie mit verschiedenen Innentaschenvarianten aussuchen. ab \u20ac 40.- (ohne Bestickung)<\/p>\n\n\n\n<figure class=\"wp-block-gallery has-nested-images columns-default is-cropped wp-block-gallery-2 is-layout-flex wp-block-gallery-is-layout-flex\">\n<figure class=\"wp-block-image size-large\"><a href=\"https:\/\/www.4knoepfchen.at\/?page_id=801\"><img loading=\"lazy\" decoding=\"async\" width=\"768\" height=\"1024\" data-id=\"979\" src=\"https:\/\/www.4knoepfchen.at\/wp-content\/uploads\/2021\/02\/IMG_3293-768x1024.jpeg\" alt=\"\" class=\"wp-image-979\" srcset=\"https:\/\/www.4knoepfchen.at\/wp-content\/uploads\/2021\/02\/IMG_3293-768x1024.jpeg 768w, https:\/\/www.4knoepfchen.at\/wp-content\/uploads\/2021\/02\/IMG_3293-225x300.jpeg 225w, https:\/\/www.4knoepfchen.at\/wp-content\/uploads\/2021\/02\/IMG_3293-1152x1536.jpeg 1152w, https:\/\/www.4knoepfchen.at\/wp-content\/uploads\/2021\/02\/IMG_3293-1536x2048.jpeg 1536w, https:\/\/www.4knoepfchen.at\/wp-content\/uploads\/2021\/02\/IMG_3293-scaled.jpeg 1920w\" sizes=\"auto, (max-width: 706px) 89vw, (max-width: 767px) 82vw, 740px\" \/><\/a><\/figure>\n\n\n\n<figure class=\"wp-block-image size-large\"><a href=\"https:\/\/www.4knoepfchen.at\/?page_id=801\"><img loading=\"lazy\" decoding=\"async\" width=\"768\" height=\"1024\" data-id=\"980\" src=\"https:\/\/www.4knoepfchen.at\/wp-content\/uploads\/2021\/02\/IMG_3295-768x1024.jpeg\" alt=\"\" class=\"wp-image-980\" srcset=\"https:\/\/www.4knoepfchen.at\/wp-content\/uploads\/2021\/02\/IMG_3295-768x1024.jpeg 768w, https:\/\/www.4knoepfchen.at\/wp-content\/uploads\/2021\/02\/IMG_3295-225x300.jpeg 225w, https:\/\/www.4knoepfchen.at\/wp-content\/uploads\/2021\/02\/IMG_3295-1152x1536.jpeg 1152w, https:\/\/www.4knoepfchen.at\/wp-content\/uploads\/2021\/02\/IMG_3295-1536x2048.jpeg 1536w, https:\/\/www.4knoepfchen.at\/wp-content\/uploads\/2021\/02\/IMG_3295-scaled.jpeg 1920w\" sizes=\"auto, (max-width: 706px) 89vw, (max-width: 767px) 82vw, 740px\" \/><\/a><\/figure>\n\n\n\n<figure class=\"wp-block-image size-large\"><img loading=\"lazy\" decoding=\"async\" width=\"768\" height=\"1024\" data-id=\"3096\" src=\"https:\/\/www.4knoepfchen.at\/wp-content\/uploads\/2023\/12\/IMG_3998-768x1024.jpeg\" alt=\"\" class=\"wp-image-3096\" srcset=\"https:\/\/www.4knoepfchen.at\/wp-content\/uploads\/2023\/12\/IMG_3998-768x1024.jpeg 768w, https:\/\/www.4knoepfchen.at\/wp-content\/uploads\/2023\/12\/IMG_3998-225x300.jpeg 225w, https:\/\/www.4knoepfchen.at\/wp-content\/uploads\/2023\/12\/IMG_3998-1152x1536.jpeg 1152w, https:\/\/www.4knoepfchen.at\/wp-content\/uploads\/2023\/12\/IMG_3998-1536x2048.jpeg 1536w, https:\/\/www.4knoepfchen.at\/wp-content\/uploads\/2023\/12\/IMG_3998-scaled.jpeg 1920w\" sizes=\"auto, (max-width: 706px) 89vw, (max-width: 767px) 82vw, 740px\" \/><\/figure>\n\n\n\n<figure class=\"wp-block-image size-large\"><img loading=\"lazy\" decoding=\"async\" width=\"768\" height=\"1024\" data-id=\"3095\" src=\"https:\/\/www.4knoepfchen.at\/wp-content\/uploads\/2023\/12\/IMG_3999-768x1024.jpeg\" alt=\"\" class=\"wp-image-3095\" srcset=\"https:\/\/www.4knoepfchen.at\/wp-content\/uploads\/2023\/12\/IMG_3999-768x1024.jpeg 768w, https:\/\/www.4knoepfchen.at\/wp-content\/uploads\/2023\/12\/IMG_3999-225x300.jpeg 225w, https:\/\/www.4knoepfchen.at\/wp-content\/uploads\/2023\/12\/IMG_3999-1152x1536.jpeg 1152w, https:\/\/www.4knoepfchen.at\/wp-content\/uploads\/2023\/12\/IMG_3999-1536x2048.jpeg 1536w, https:\/\/www.4knoepfchen.at\/wp-content\/uploads\/2023\/12\/IMG_3999-scaled.jpeg 1920w\" sizes=\"auto, (max-width: 706px) 89vw, (max-width: 767px) 82vw, 740px\" \/><\/figure>\n\n\n\n<figure class=\"wp-block-image size-large\"><img loading=\"lazy\" decoding=\"async\" width=\"768\" height=\"1024\" data-id=\"3094\" src=\"https:\/\/www.4knoepfchen.at\/wp-content\/uploads\/2023\/12\/IMG_9741-768x1024.jpeg\" alt=\"\" class=\"wp-image-3094\" srcset=\"https:\/\/www.4knoepfchen.at\/wp-content\/uploads\/2023\/12\/IMG_9741-768x1024.jpeg 768w, https:\/\/www.4knoepfchen.at\/wp-content\/uploads\/2023\/12\/IMG_9741-225x300.jpeg 225w, https:\/\/www.4knoepfchen.at\/wp-content\/uploads\/2023\/12\/IMG_9741-1152x1536.jpeg 1152w, https:\/\/www.4knoepfchen.at\/wp-content\/uploads\/2023\/12\/IMG_9741-1536x2048.jpeg 1536w, https:\/\/www.4knoepfchen.at\/wp-content\/uploads\/2023\/12\/IMG_9741-scaled.jpeg 1920w\" sizes=\"auto, (max-width: 706px) 89vw, (max-width: 767px) 82vw, 740px\" \/><\/figure>\n\n\n\n<figure class=\"wp-block-image size-large\"><img loading=\"lazy\" decoding=\"async\" width=\"768\" height=\"1024\" data-id=\"981\" src=\"https:\/\/www.4knoepfchen.at\/wp-content\/uploads\/2021\/02\/IMG_3183-768x1024.jpeg\" alt=\"\" class=\"wp-image-981\" srcset=\"https:\/\/www.4knoepfchen.at\/wp-content\/uploads\/2021\/02\/IMG_3183-768x1024.jpeg 768w, https:\/\/www.4knoepfchen.at\/wp-content\/uploads\/2021\/02\/IMG_3183-225x300.jpeg 225w, https:\/\/www.4knoepfchen.at\/wp-content\/uploads\/2021\/02\/IMG_3183-1152x1536.jpeg 1152w, https:\/\/www.4knoepfchen.at\/wp-content\/uploads\/2021\/02\/IMG_3183-1536x2048.jpeg 1536w, https:\/\/www.4knoepfchen.at\/wp-content\/uploads\/2021\/02\/IMG_3183-scaled.jpeg 1920w\" sizes=\"auto, (max-width: 706px) 89vw, (max-width: 767px) 82vw, 740px\" \/><\/figure>\n\n\n\n<figure class=\"wp-block-image size-large\"><a href=\"https:\/\/www.4knoepfchen.at\/?page_id=801\"><img loading=\"lazy\" decoding=\"async\" width=\"1024\" height=\"768\" data-id=\"982\" src=\"https:\/\/www.4knoepfchen.at\/wp-content\/uploads\/2021\/02\/IMG_3178-1024x768.jpeg\" alt=\"\" class=\"wp-image-982\" srcset=\"https:\/\/www.4knoepfchen.at\/wp-content\/uploads\/2021\/02\/IMG_3178-1024x768.jpeg 1024w, https:\/\/www.4knoepfchen.at\/wp-content\/uploads\/2021\/02\/IMG_3178-300x225.jpeg 300w, https:\/\/www.4knoepfchen.at\/wp-content\/uploads\/2021\/02\/IMG_3178-768x576.jpeg 768w, https:\/\/www.4knoepfchen.at\/wp-content\/uploads\/2021\/02\/IMG_3178-1536x1152.jpeg 1536w, https:\/\/www.4knoepfchen.at\/wp-content\/uploads\/2021\/02\/IMG_3178-2048x1536.jpeg 2048w\" sizes=\"auto, (max-width: 706px) 89vw, (max-width: 767px) 82vw, 740px\" \/><\/a><\/figure>\n\n\n\n<figure class=\"wp-block-image size-large\"><img loading=\"lazy\" decoding=\"async\" width=\"938\" height=\"1024\" data-id=\"3097\" src=\"https:\/\/www.4knoepfchen.at\/wp-content\/uploads\/2023\/12\/IMG_9723-938x1024.jpeg\" alt=\"\" class=\"wp-image-3097\" srcset=\"https:\/\/www.4knoepfchen.at\/wp-content\/uploads\/2023\/12\/IMG_9723-938x1024.jpeg 938w, https:\/\/www.4knoepfchen.at\/wp-content\/uploads\/2023\/12\/IMG_9723-275x300.jpeg 275w, https:\/\/www.4knoepfchen.at\/wp-content\/uploads\/2023\/12\/IMG_9723-768x838.jpeg 768w, https:\/\/www.4knoepfchen.at\/wp-content\/uploads\/2023\/12\/IMG_9723-1407x1536.jpeg 1407w, https:\/\/www.4knoepfchen.at\/wp-content\/uploads\/2023\/12\/IMG_9723-1876x2048.jpeg 1876w\" sizes=\"auto, (max-width: 706px) 89vw, (max-width: 767px) 82vw, 740px\" \/><\/figure>\n\n\n\n<figure class=\"wp-block-image size-large\"><a href=\"https:\/\/www.4knoepfchen.at\/?page_id=801\"><img loading=\"lazy\" decoding=\"async\" width=\"1024\" height=\"768\" data-id=\"2050\" src=\"https:\/\/www.4knoepfchen.at\/wp-content\/uploads\/2022\/11\/IMG_6581-1024x768.jpeg\" alt=\"\" class=\"wp-image-2050\" srcset=\"https:\/\/www.4knoepfchen.at\/wp-content\/uploads\/2022\/11\/IMG_6581-1024x768.jpeg 1024w, https:\/\/www.4knoepfchen.at\/wp-content\/uploads\/2022\/11\/IMG_6581-300x225.jpeg 300w, https:\/\/www.4knoepfchen.at\/wp-content\/uploads\/2022\/11\/IMG_6581-768x576.jpeg 768w, https:\/\/www.4knoepfchen.at\/wp-content\/uploads\/2022\/11\/IMG_6581-1536x1152.jpeg 1536w, https:\/\/www.4knoepfchen.at\/wp-content\/uploads\/2022\/11\/IMG_6581-2048x1536.jpeg 2048w\" sizes=\"auto, (max-width: 706px) 89vw, (max-width: 767px) 82vw, 740px\" \/><\/a><\/figure>\n<\/figure>\n\n\n\n<h2 class=\"wp-block-heading\">REISEPASSH\u00dcLLE<\/h2>\n\n\n\n<p>f\u00fcr die kleinen Weltenbummler;-),  aus 100% Baumwolle mit Vlieseline verst\u00e4rkt. <br>\u20ac 15.- (ohne Bestickung)<\/p>\n\n\n\n<figure class=\"wp-block-gallery has-nested-images columns-default is-cropped wp-block-gallery-3 is-layout-flex wp-block-gallery-is-layout-flex\">\n<figure class=\"wp-block-image size-large\"><img loading=\"lazy\" decoding=\"async\" width=\"768\" height=\"1024\" data-id=\"1015\" src=\"https:\/\/www.4knoepfchen.at\/wp-content\/uploads\/2021\/02\/20181120_090551-768x1024.jpeg\" alt=\"\" class=\"wp-image-1015\" srcset=\"https:\/\/www.4knoepfchen.at\/wp-content\/uploads\/2021\/02\/20181120_090551-768x1024.jpeg 768w, https:\/\/www.4knoepfchen.at\/wp-content\/uploads\/2021\/02\/20181120_090551-225x300.jpeg 225w, https:\/\/www.4knoepfchen.at\/wp-content\/uploads\/2021\/02\/20181120_090551-1152x1536.jpeg 1152w, https:\/\/www.4knoepfchen.at\/wp-content\/uploads\/2021\/02\/20181120_090551-1536x2048.jpeg 1536w, https:\/\/www.4knoepfchen.at\/wp-content\/uploads\/2021\/02\/20181120_090551-scaled.jpeg 1920w\" sizes=\"auto, (max-width: 706px) 89vw, (max-width: 767px) 82vw, 740px\" \/><\/figure>\n\n\n\n<figure class=\"wp-block-image size-large\"><img loading=\"lazy\" decoding=\"async\" width=\"1024\" height=\"768\" data-id=\"522\" src=\"https:\/\/www.4knoepfchen.at\/wp-content\/uploads\/2019\/06\/IMG_2859-1024x768.jpg\" alt=\"\" class=\"wp-image-522\" srcset=\"https:\/\/www.4knoepfchen.at\/wp-content\/uploads\/2019\/06\/IMG_2859-1024x768.jpg 1024w, https:\/\/www.4knoepfchen.at\/wp-content\/uploads\/2019\/06\/IMG_2859-300x225.jpg 300w, https:\/\/www.4knoepfchen.at\/wp-content\/uploads\/2019\/06\/IMG_2859-768x576.jpg 768w\" sizes=\"auto, (max-width: 706px) 89vw, (max-width: 767px) 82vw, 740px\" \/><\/figure>\n<\/figure>\n\n\n\n<p><\/p>\n\n\n\n<p><\/p>\n","protected":false},"excerpt":{"rendered":"<p>MUTTERKINDPASSH\u00dcLLE aus 100% Baumwolle, innen verst\u00e4rkt mit einer d\u00fcnnen Vlieseline, mit oder ohne Namen bestickt. Je nach Ausf\u00fchrung ab \u20ac 24.- WINDELTASCHE bietet Platz f\u00fcr ein paar Windeln, Feuchtt\u00fccher, Pflegeprodukte und sonstigen Krimskrams, den man als Mama so braucht;-) Sie l\u00e4sst sich wunderbar in der Handtasche oder im Kinderwagen verstauen. Sie sind aus 100% Baumwolle &hellip; <\/p>\n<p class=\"link-more\"><a href=\"https:\/\/www.4knoepfchen.at\/?page_id=975\" class=\"more-link\"><span class=\"screen-reader-text\">\u201eMUTTERKINDPASSH\u00dcLLE,  WINDELTASCHE &#038; REISEPASSH\u00dcLLE\u201c <\/span>weiterlesen<\/a><\/p>\n","protected":false},"author":1,"featured_media":0,"parent":415,"menu_order":2,"comment_status":"closed","ping_status":"closed","template":"","meta":{"footnotes":""},"class_list":["post-975","page","type-page","status-publish","hentry"],"_links":{"self":[{"href":"https:\/\/www.4knoepfchen.at\/index.php?rest_route=\/wp\/v2\/pages\/975","targetHints":{"allow":["GET"]}}],"collection":[{"href":"https:\/\/www.4knoepfchen.at\/index.php?rest_route=\/wp\/v2\/pages"}],"about":[{"href":"https:\/\/www.4knoepfchen.at\/index.php?rest_route=\/wp\/v2\/types\/page"}],"author":[{"embeddable":true,"href":"https:\/\/www.4knoepfchen.at\/index.php?rest_route=\/wp\/v2\/users\/1"}],"replies":[{"embeddable":true,"href":"https:\/\/www.4knoepfchen.at\/index.php?rest_route=%2Fwp%2Fv2%2Fcomments&post=975"}],"version-history":[{"count":31,"href":"https:\/\/www.4knoepfchen.at\/index.php?rest_route=\/wp\/v2\/pages\/975\/revisions"}],"predecessor-version":[{"id":3098,"href":"https:\/\/www.4knoepfchen.at\/index.php?rest_route=\/wp\/v2\/pages\/975\/revisions\/3098"}],"up":[{"embeddable":true,"href":"https:\/\/www.4knoepfchen.at\/index.php?rest_route=\/wp\/v2\/pages\/415"}],"wp:attachment":[{"href":"https:\/\/www.4knoepfchen.at\/index.php?rest_route=%2Fwp%2Fv2%2Fmedia&parent=975"}],"curies":[{"name":"wp","href":"https:\/\/api.w.org\/{rel}","templated":true}]}}